{"id":110,"date":"2018-09-13T09:47:23","date_gmt":"2018-09-13T07:47:23","guid":{"rendered":"https:\/\/isla-travel.de\/?page_id=110"},"modified":"2024-09-17T17:43:40","modified_gmt":"2024-09-17T15:43:40","slug":"aftryk","status":"publish","type":"page","link":"https:\/\/isla-travel.de\/da\/impressum\/","title":{"rendered":"P\u00e5tryk"},"content":{"rendered":"<p>Ansvarlig for indholdet under dom\u00e6nerne isla-travel.de og my.isla-travel.de er<\/p>\n<p><strong>ISLA PASSI\u00d3<\/strong><br \/>\n<span class=\"islafont\">Isla<\/span> <b>MAGASIN | REJSER | EVENTS<\/b><br \/>\nNiels-Holger Teichmann<br \/>\nCarrer la Marina 29<br \/>\n07659 Cala Figuera<br \/>\nDe Baleariske \u00d8er<br \/>\nSpanien<\/p>\n<p>Moms-ID nr. ESX9124865Y<\/p>\n<p>Telefon DE: +49 (0)151 194 794 80<br \/>\nTlf. ES: +34 680 265 785<br \/>\nMail: hello@isla-travel.de<\/p>\n<p style=\"text-align: left;\">Redaktionelt kontor<br \/>\nSaskia Teichmann (st) &amp; Niels-Holger Teichmann (nt)<\/p>\n<p>Tlf. ES: +34 601 908 159<br \/>\nMail: redaktion@isla-travel.de<\/p>\n<h2>Koncept og design 2017<\/h2>\n<p><a href=\"https:\/\/pahlcc.de\" target=\"_blank\" rel=\"noopener noreferrer\">Martin Pahl \/\/ PahlCC<\/a><\/p>\n<h2>Programmering (2017) &amp; webdesign og koncept (fra 2023)<\/h2>\n<p><a href=\"https:\/\/www.saskialund.de\" target=\"_blank\" rel=\"noopener noreferrer\">Saskia Teichmann \/\/. <span class=\"islafont\">Isla<\/span> <b>STUDIO<\/b><\/a><\/p>\n<h2>Billedkreditering<\/h2>\n<p>Niels-Holger Teichmann<br \/>\nGunnar Knechtel<br \/>\nLunamarina<br \/>\nDamocean<br \/>\nKelly Jean<br \/>\nMarisa Morton<br \/>\nEvelina Friman<br \/>\nMarc Babin<\/p>\n<h2>Information om audiovisuelle medietjenester<\/h2>\n<p>Bop\u00e6lsland: Spanien<br \/>\nLovgivende og tilsynsf\u00f8rende myndighed:Comisi\u00f3n Nacional de los Mercados y la competencia<\/p>\n<h2>EU-tvistbil\u00e6ggelse<\/h2>\n<p>Europa-Kommissionen stiller en platform til r\u00e5dighed for onlinetvistbil\u00e6ggelse (OS): <a href=\"https:\/\/ec.europa.eu\/consumers\/odr\/.\" target=\"_blank\" rel=\"noopener\">https:\/\/ec.europa.eu\/consumers\/odr\/<\/a><\/p>\n<h2>Ansvarsfraskrivelse<\/h2>\n<p>Vi er ansvarlige for indholdet p\u00e5 vores hjemmeside i overensstemmelse med de generelle lovbestemmelser, is\u00e6r \u00a7 7, stk. 1, i den tyske telemedielov. Alt indhold er udarbejdet med omhu og efter vores bedste overbevisning. I det omfang vi henviser til tredjepartswebsteder p\u00e5 vores internetsider ved hj\u00e6lp af hyperlinks, kan vi ikke p\u00e5tage os noget ansvar for den fortsatte aktualitet, korrekthed og fuldst\u00e6ndighed af det linkede indhold, da dette indhold ligger uden for vores ansvarsomr\u00e5de, og vi ikke har nogen indflydelse p\u00e5 dets fremtidige design. Hvis du mener, at noget indhold er i strid med g\u00e6ldende lovgivning eller upassende, bedes du give os besked.<br \/>\nDe juridiske meddelelser p\u00e5 denne side og alle sp\u00f8rgsm\u00e5l og tvister i forbindelse med udformningen af dette websted er underlagt spansk lov.<\/p>\n<h2>Meddelelse om ophavsret<\/h2>\n<p>Tekster, billeder, fotos, videoer eller grafik p\u00e5 vores hjemmeside er generelt beskyttet af ophavsret. Enhver uautoriseret brug (is\u00e6r reproduktion, redigering eller distribution) af dette ophavsretligt beskyttede indhold er derfor forbudt. Hvis du har til hensigt at bruge dette indhold eller dele heraf, bedes du kontakte os p\u00e5 forh\u00e5nd ved hj\u00e6lp af ovenst\u00e5ende oplysninger. Hvis vi ikke selv er ejer af de n\u00f8dvendige ophavsretlige brugsrettigheder, vil vi bestr\u00e6be os p\u00e5 at arrangere kontakt med den autoriserede part.<\/p>\n<h2>Profiler p\u00e5 sociale medier<\/h2>\n<p>Denne juridiske meddelelse g\u00e6lder ogs\u00e5 for f\u00f8lgende profiler p\u00e5 sociale medier:<br \/>\nInstagram: https:\/\/www.instagram.com\/isla_magazin_mallorca\/<br \/>\nFacebook: https:\/\/www.facebook.com\/islaeventmagazinmallorca\/<br \/>\nPinterest: https:\/\/www.pinterest.de\/isla_travel_mallorca\/<\/p>","protected":false},"excerpt":{"rendered":"<p>Verantwortlich f\u00fcr die Inhalte unter den Domains isla-travel.de und my.isla-travel.de ist ISLA PASSI\u00d3 isla MAGAZIN | TRAVEL | EVENTS Niels-Holger Teichmann Carrer la Marina 29 07659 Cala Figuera Balearen Spanien USt.Id.Nr. ESX9124865Y Tel. DE: +49 (0)151 194 794 80 Tel. ES: +34 680 265 785 Mail: hello@isla-travel.de Redaktion Saskia Teichmann (st) &amp; Niels-Holger Teichmann (nt) [&hellip;]<\/p>\n","protected":false},"author":1,"featured_media":0,"parent":0,"menu_order":0,"comment_status":"closed","ping_status":"closed","template":"","meta":{"_acf_changed":false,"_et_pb_use_builder":"off","_et_pb_old_content":"Verantwortlich f\u00fcr die Inhalte unter den Domains isla-travel.de und my.isla-travel.de ist\r\n\r\nisla Group GmbH\r\nMarcus-Heinemann-Str. 34\r\n21337 L\u00fcneburg\r\n\r\nTel: (04131) 2201150\r\nMail: hello@isla-travel.de\r\n\r\nUmsatzsteuer-Ident-Nummer:\r\nDE312564916\r\n\r\nRegistergericht: AG L\u00fcneburg\r\nRegisternummer: HRB 206909\r\n\r\nGesch\u00e4ftsf\u00fchrer\r\nHerr Niels-Holger Teichmann\r\n\r\nVerantwortliche f\u00fcr journalistisch-redaktionelle gestaltete Inhalte:\r\nFrau Dorothee Teichmann\r\nMarcus-Heinemann-Str. 34\r\n21337 L\u00fcneburg\r\nMail: doro@isla-travel.de\r\n\r\n<h2>Konzept & Design<\/h2>\r\n<a href=\"https:\/\/pahlcc.de\" target=\"_blank\">Martin Pahl \/\/ PahlCC\r\n<\/a>\r\n\r\n<h2>Programmierung & Webdesign<\/h2>\r\n<a href=\"https:\/\/www.saskialund.de\" target=\"_blank\">Saskia Lund \/\/ lund | wordpress studio<\/a>\r\n\r\n<h2>Bildnachweis<\/h2>\r\nisla Group GmbH\r\nDorothee Teichmann\r\nNiels Teichmann\r\nPhoto by\u00a0Kelly Jean\u00a0on\u00a0Unsplash\r\nPhoto by\u00a0Marisa Morton\u00a0on\u00a0Unsplash\r\nPhoto by\u00a0Evelina Friman\u00a0on\u00a0Unsplash\r\nPhoto by\u00a0Marc Babin\u00a0on\u00a0Unsplash\r\n\r\n<h2>Rechtliche Hinweise<\/h2>\r\nDie isla Group GmbH pr\u00fcft und aktualisiert die Informationen auf diesen Webseiten st\u00e4ndig. Trotz aller Sorgfalt k\u00f6nnen sich die Daten inzwischen ver\u00e4ndert haben. Eine Haftung oder Garantie f\u00fcr die Aktualit\u00e4t, Richtigkeit und Vollst\u00e4ndigkeit der zur Verf\u00fcgung gestellten Informationen kann daher nicht \u00fcbernommen werden. Gleiches gilt auch f\u00fcr alle anderen Webseiten, auf die mittels Hyperlink verwiesen wird. Die isla Group GmbH ist f\u00fcr den Inhalt der Webseiten, die aufgrund einer solchen Verbindung erreicht werden, nicht verantwortlich. Desweiteren beh\u00e4lt sich die isla Group GmbH das Recht vor, \u00c4nderungen oder Erg\u00e4nzungen der bereitgestellten Informationen vorzunehmen. Inhalt und Struktur der isla Group GmbH Webseiten sind urheberrechtlich gesch\u00fctzt. Die Vervielf\u00e4ltigung von Informationen oder Daten, insbesondere die Verwendung von Texten, Textteilen oder Bildmaterial, bedarf der vorherigen Zustimmung der isla Group GmbH.","_et_gb_content_width":"","footnotes":""},"dipi_cpt_category":[347],"class_list":["post-110","page","type-page","status-publish","hentry","dipi_cpt_category-sp"],"acf":[],"_links":{"self":[{"href":"https:\/\/isla-travel.de\/da\/wp-json\/wp\/v2\/pages\/110","targetHints":{"allow":["GET"]}}],"collection":[{"href":"https:\/\/isla-travel.de\/da\/wp-json\/wp\/v2\/pages"}],"about":[{"href":"https:\/\/isla-travel.de\/da\/wp-json\/wp\/v2\/types\/page"}],"author":[{"embeddable":true,"href":"https:\/\/isla-travel.de\/da\/wp-json\/wp\/v2\/users\/1"}],"replies":[{"embeddable":true,"href":"https:\/\/isla-travel.de\/da\/wp-json\/wp\/v2\/comments?post=110"}],"version-history":[{"count":15,"href":"https:\/\/isla-travel.de\/da\/wp-json\/wp\/v2\/pages\/110\/revisions"}],"predecessor-version":[{"id":25973971,"href":"https:\/\/isla-travel.de\/da\/wp-json\/wp\/v2\/pages\/110\/revisions\/25973971"}],"wp:attachment":[{"href":"https:\/\/isla-travel.de\/da\/wp-json\/wp\/v2\/media?parent=110"}],"wp:term":[{"taxonomy":"dipi_cpt_category","embeddable":true,"href":"https:\/\/isla-travel.de\/da\/wp-json\/wp\/v2\/dipi_cpt_category?post=110"}],"curies":[{"name":"wp","href":"https:\/\/api.w.org\/{rel}","templated":true}]}}