{"id":3261,"date":"2025-01-01T19:21:00","date_gmt":"2025-01-01T18:21:00","guid":{"rendered":"https:\/\/isla-travel.de\/?page_id=3261"},"modified":"2025-05-22T17:36:23","modified_gmt":"2025-05-22T15:36:23","slug":"agb","status":"publish","type":"page","link":"https:\/\/isla-travel.de\/da\/agb\/","title":{"rendered":"Generelle vilk\u00e5r og betingelser med kundeinformation"},"content":{"rendered":"<p><strong>for rejsearrang\u00f8rer og rejsebureauer<\/strong><br><strong>Status: Januar 2025<\/strong><\/p>\n\n\n\n<p>Disse vilk\u00e5r og betingelser regulerer kontraktforholdet mellem dig som rejsekunde og&nbsp;<strong>ISLA PASSI\u00d3<\/strong>med base i&nbsp;<strong>07659 Cala Figuera, Mallorca, Spanien<\/strong>.<\/p>\n\n\n\n<p>ISLA PASSI\u00d3 tilbyder b\u00e5de&nbsp;<strong>Egne pakkerejser som rejsearrang\u00f8r<\/strong>&nbsp;s\u00e5vel som&nbsp;<strong>organiserer individuelle turisttjenester<\/strong>&nbsp;tredjeparter (f.eks. ferieboliger, udlejningsbiler eller flyrejser).<\/p>\n\n\n\n<p>Det er afg\u00f8rende for dine rettigheder og vores forpligtelser,&nbsp;<strong>Hvilken rolle spiller ISLA PASSI\u00d3 i din booking?<\/strong>&nbsp;- Dette vil fremg\u00e5 tydeligt af din bookingbekr\u00e6ftelse.<\/p>\n\n\n\n<hr class=\"wp-block-separator has-alpha-channel-opacity\"\/>\n\n\n\n<h3 class=\"wp-block-heading\"><strong>1. Indg\u00e5else af kontrakt<\/strong><\/h3>\n\n\n\n<p>Med din bestilling (skriftligt, telefonisk, pr. e-mail eller via vores hjemmeside) afgiver du et bindende tilbud om at indg\u00e5 en rejseaftale. Kontrakten er indg\u00e5et, n\u00e5r du modtager en skriftlig bekr\u00e6ftelse fra os.<\/p>\n\n\n\n<p>Du h\u00e6fter for alle kontraktlige forpligtelser for de deltagere, du har tilmeldt. Tjek venligst rejsedokumenterne omhyggeligt, og informer os straks, hvis du ikke har modtaget dem senest 14 dage f\u00f8r afrejse.<\/p>\n\n\n\n<p><strong>Arrang\u00f8rens service:<\/strong>&nbsp;I tilf\u00e6lde af pakkerejser fungerer vi som rejsearrang\u00f8r i henhold til EU's pakkerejsedirektiv.<br><strong>M\u00e6glingstjeneste:<\/strong>&nbsp;Ved individuelle bookinger som f.eks. hotelophold, flyrejser og biludlejning formidler vi tjenester fra tredjeparter. Kontrakten indg\u00e5s derefter direkte mellem dig og den respektive tjenesteudbyder.<\/p>\n\n\n\n<hr class=\"wp-block-separator has-alpha-channel-opacity\"\/>\n\n\n\n<h3 class=\"wp-block-heading\"><strong>2. Betaling<\/strong><\/h3>\n\n\n\n<p>Ved modtagelse af bookingbekr\u00e6ftelsen skal der betales et depositum p\u00e5 30 % af den samlede pris, det resterende bel\u00f8b 30 dage f\u00f8r feriens start.<\/p>\n\n\n\n<ul class=\"wp-block-list\">\n<li><strong>For pakkerejser<\/strong>\u00a0(arrang\u00f8rservice), er dine betalinger d\u00e6kket af en spansk insolvensforsikring. Du vil modtage oplysninger om dette i din rejsebekr\u00e6ftelse.<\/li>\n\n\n\n<li><strong>Til m\u00e6gling<\/strong>\u00a0g\u00e6lder den respektive udbyders betalingsbetingelser, som vi videresender til dig. Vi vil kr\u00e6ve betaling p\u00e5 deres vegne.<\/li>\n<\/ul>\n\n\n\n<p><strong>Betalingsmuligheder:<\/strong><\/p>\n\n\n\n<ul class=\"wp-block-list\">\n<li>Bankoverf\u00f8rsel (gratis)<\/li>\n\n\n\n<li>Kreditkort \/ PayPal (hver +2 % gebyr)<\/li>\n<\/ul>\n\n\n\n<p>Hvis kunden ikke betaler til tiden, kan ISLA PASSI\u00d3 tr\u00e6kke sig ud af kontrakten. For rykkere opkr\u00e6ves et rykkergebyr p\u00e5 op til 10 euro og morarenter.<\/p>\n\n\n\n<hr class=\"wp-block-separator has-alpha-channel-opacity\"\/>\n\n\n\n<h3 class=\"wp-block-heading\"><strong>3. Tjenester\/priser\/\u00e6ndringer<\/strong><\/h3>\n\n\n\n<p>Omfanget af de bestilte ydelser fremg\u00e5r af rejsebekr\u00e6ftelsen. Vi forbeholder os ret til at foretage \u00e6ndringer inden aftalens indg\u00e5else.<\/p>\n\n\n\n<p><strong>Til rejser med rejsearrang\u00f8r<\/strong>Efter kontraktens indg\u00e5else er afvigelser kun tilladt, hvis de er ubetydelige. I tilf\u00e6lde af v\u00e6sentlige \u00e6ndringer har du ret til at annullere kontrakten uden omkostninger.<\/p>\n\n\n\n<p><strong>Til m\u00e6gling<\/strong>: De respektive betingelser for den formidlede udbyder g\u00e6lder.<\/p>\n\n\n\n<p>Check-in er fra kl. 16.00, check-out indtil kl. 10.00 (medmindre andet er aftalt). Vi forbeholder os ret til at opkr\u00e6ve ekstra gebyrer i tilf\u00e6lde af manglende overholdelse.<\/p>\n\n\n\n<hr class=\"wp-block-separator has-alpha-channel-opacity\"\/>\n\n\n\n<h3 class=\"wp-block-heading\"><strong>4. Overbel\u00e6gning<\/strong><\/h3>\n\n\n\n<p>Hvis det maksimalt tilladte antal g\u00e6ster overskrides uden tilladelse, kan der kr\u00e6ves en ekstra betaling p\u00e5 80 % af den forholdsm\u00e6ssige indkvarteringspris pr. ekstra person.<\/p>\n\n\n\n<hr class=\"wp-block-separator has-alpha-channel-opacity\"\/>\n\n\n\n<h3 class=\"wp-block-heading\"><strong>5 Afbestilling fra kundens side \/ ombooking<\/strong><\/h3>\n\n\n\n<p>Du kan afbestille p\u00e5 et hvilket som helst tidspunkt f\u00f8r rejsens start. Afbestillingen skal ske skriftligt.<\/p>\n\n\n\n<p><strong>For pakkerejser (arrang\u00f8rrolle):<\/strong><\/p>\n\n\n\n<ul class=\"wp-block-list\">\n<li>op til 45 dage f\u00f8r afrejse: 30 %<\/li>\n\n\n\n<li>op til 22 dage: 40 %<\/li>\n\n\n\n<li>op til 15 dage: 60 %<\/li>\n\n\n\n<li>op til 8 dage: 70 %<\/li>\n\n\n\n<li>fra 7 dage \/ no-show: 80-100 %<\/li>\n<\/ul>\n\n\n\n<p><strong>I tilf\u00e6lde af indkvartering (f.eks. overnatning):<\/strong><\/p>\n\n\n\n<ul class=\"wp-block-list\">\n<li>op til 49 dage f\u00f8r lejeperiodens start: 30 %<\/li>\n\n\n\n<li>48-35 dage: 50 %<\/li>\n\n\n\n<li>34-22 dage: 60 %<\/li>\n\n\n\n<li>21-14 dage: 90 %<\/li>\n\n\n\n<li>fra 13 dage \/ udeblivelse: 100 %<\/li>\n<\/ul>\n\n\n\n<p>Der kan opkr\u00e6ves behandlingsgebyrer for \u00e6ndringer af bookinger. Efterf\u00f8lgende \u00e6ndringer betragtes som aflysninger og nye bookinger.<\/p>\n\n\n\n<hr class=\"wp-block-separator has-alpha-channel-opacity\"\/>\n\n\n\n<h3 class=\"wp-block-heading\"><strong>6. Tjenester, der ikke udnyttes<\/strong><\/h3>\n\n\n\n<p>Der sker ingen tilbagebetaling, hvis enkelte ydelser ikke benyttes - medmindre udbyderen refunderer os det tilsvarende bel\u00f8b.<\/p>\n\n\n\n<hr class=\"wp-block-separator has-alpha-channel-opacity\"\/>\n\n\n\n<h3 class=\"wp-block-heading\"><strong>7. Rejseafbestillingsforsikring<\/strong><\/h3>\n\n\n\n<p>Vi anbefaler p\u00e5 det kraftigste, at du tegner en rejseafbestillingsforsikring. Efter anmodning kan vi arrangere en passende police gennem vores forsikringspartner.<\/p>\n\n\n\n<hr class=\"wp-block-separator has-alpha-channel-opacity\"\/>\n\n\n\n<h3 class=\"wp-block-heading\"><strong>8. aflysning fra arrang\u00f8rens side<\/strong><\/h3>\n\n\n\n<p><strong>ISLA PASSI\u00d3 kan tr\u00e6kke sig fra kontrakten som arrang\u00f8r<\/strong>hvis:<\/p>\n\n\n\n<ul class=\"wp-block-list\">\n<li>kunden er i betalingsmisligholdelse,<\/li>\n\n\n\n<li>minimumsantallet af deltagere ikke er n\u00e5et,<\/li>\n\n\n\n<li>Der er \u00f8konomiske grunde,<\/li>\n\n\n\n<li>force majeure forhindrer realisering.<\/li>\n<\/ul>\n\n\n\n<p>Allerede foretagne betalinger vil blive refunderet. Der er ingen yderligere krav.<\/p>\n\n\n\n<hr class=\"wp-block-separator has-alpha-channel-opacity\"\/>\n\n\n\n<h3 class=\"wp-block-heading\"><strong>9. Force majeure<\/strong><\/h3>\n\n\n\n<p>Hvis uforudsigelige begivenheder (f.eks. naturkatastrofer, pandemier) bringer rejsen i fare, kan begge parter annullere kontrakten. Udgifterne til hjemrejsen skal betales ligeligt.<\/p>\n\n\n\n<hr class=\"wp-block-separator has-alpha-channel-opacity\"\/>\n\n\n\n<h3 class=\"wp-block-heading\"><strong>10 Ansvar og garanti<\/strong><\/h3>\n\n\n\n<p><strong>Som arrang\u00f8r<\/strong>&nbsp;vi er ansvarlige for:<\/p>\n\n\n\n<ul class=\"wp-block-list\">\n<li>ordentlig gennemf\u00f8relse af rejsen,<\/li>\n\n\n\n<li>Udv\u00e6lgelse af serviceudbydere,<\/li>\n\n\n\n<li>Korrekthed af servicebeskrivelsen.<\/li>\n<\/ul>\n\n\n\n<p><strong>Begr\u00e6nsning af ansvar:<\/strong><br>For skader, der ikke er fysiske skader, er vi ansvarlige for maksimalt tre gange rejsens pris - undtagen i tilf\u00e6lde af fors\u00e6t eller grov uagtsomhed.<\/p>\n\n\n\n<hr class=\"wp-block-separator has-alpha-channel-opacity\"\/>\n\n\n\n<h3 class=\"wp-block-heading\"><strong>11. Arrangerede tjenester (f.eks. flyrejser, biludlejning)<\/strong><\/h3>\n\n\n\n<p>I tilf\u00e6lde af tredjepartstjenester er vi&nbsp;<strong>udelukkende som mellemmand<\/strong>&nbsp;aktiv. De generelle vilk\u00e5r og betingelser for den respektive udbyder g\u00e6lder. Vi er ikke ansvarlige for korrekt udf\u00f8relse.<\/p>\n\n\n\n<hr class=\"wp-block-separator has-alpha-channel-opacity\"\/>\n\n\n\n<h3 class=\"wp-block-heading\"><strong>12. Pligt til at samarbejde<\/strong><\/h3>\n\n\n\n<p>Rejsende er forpligtet til at samarbejde i tilf\u00e6lde af serviceforstyrrelser og til at rapportere mangler med det samme. Senere klager er kun mulige i tilf\u00e6lde af urimelig underretning p\u00e5 stedet.<\/p>\n\n\n\n<p>Kontakt:<br><strong>e-mail:<\/strong>&nbsp;<a>info@isla-travel.de<\/a><br><strong>Tilg\u00e6ngelighed via telefon:<\/strong>&nbsp;se rejsedokumenter (inkl. n\u00f8dnummer)<\/p>\n\n\n\n<hr class=\"wp-block-separator has-alpha-channel-opacity\"\/>\n\n\n\n<h3 class=\"wp-block-heading\"><strong>13. Anmeldelse af krav og for\u00e6ldelsesfrist<\/strong><\/h3>\n\n\n\n<p>Rejserelaterede krav skal&nbsp;<strong>inden for en m\u00e5ned efter rejsens afslutning<\/strong>&nbsp;blive gjort g\u00e6ldende. Den lovbestemte for\u00e6ldelsesfrist er 1 \u00e5r (begyndende med den kontraktm\u00e6ssige afslutning af rejsen).<\/p>\n\n\n\n<hr class=\"wp-block-separator has-alpha-channel-opacity\"\/>\n\n\n\n<h3 class=\"wp-block-heading\"><strong>14. Pas-, visum- og sundhedsbestemmelser<\/strong><\/h3>\n\n\n\n<p>Informer dig venligst om de g\u00e6ldende adgangs- og sundhedsbestemmelser. Kunden er ansvarlig for eventuelle fors\u00f8mmelser, der resulterer i n\u00e6gtelse af adgang.<\/p>\n\n\n\n<hr class=\"wp-block-separator has-alpha-channel-opacity\"\/>\n\n\n\n<h3 class=\"wp-block-heading\"><strong>15. Mobilitetsbegr\u00e6nsninger<\/strong><\/h3>\n\n\n\n<p>Vores ture er kun tilg\u00e6ngelige i begr\u00e6nset omfang. Kontakt os venligst f\u00f8r du booker for at tjekke, om det passer dig.<\/p>\n\n\n\n<hr class=\"wp-block-separator has-alpha-channel-opacity\"\/>\n\n\n\n<h3 class=\"wp-block-heading\"><strong>16. Forbehold for pris\u00e6ndringer<\/strong><\/h3>\n\n\n\n<p>Vi forbeholder os ret til at justere priserne i tilf\u00e6lde af v\u00e6sentlige \u00e6ndringer i omkostningerne (f.eks. valutakurser, skatter, transportomkostninger) i overensstemmelse med EU's rejselovgivning.<\/p>\n\n\n\n<hr class=\"wp-block-separator has-alpha-channel-opacity\"\/>\n\n\n\n<h3 class=\"wp-block-heading\"><strong>17 V\u00e6rneting \/ g\u00e6ldende lov<\/strong><\/h3>\n\n\n\n<p>Det g\u00e6lder&nbsp;<strong>Spansk lov<\/strong>. V\u00e6rneting er - s\u00e5 vidt det er lovligt - i Danmark.&nbsp;<strong>Palma de Mallorca<\/strong>. For forbrugere fra EU forbliver de obligatoriske forbrugerbeskyttelsesrettigheder i deres hjemland up\u00e5virket.<\/p>\n\n\n\n<hr class=\"wp-block-separator has-alpha-channel-opacity\"\/>\n\n\n\n<h3 class=\"wp-block-heading\"><strong>18. M\u00e6rkning af udbyder<\/strong><\/h3>\n\n\n\n<p><strong>ISLA PASSI\u00d3<\/strong><br>Carrer la Marina 29<br>07659 Cala Figuera<br>Illes Balears - Spanien<br>Ejer: Niels-Holger Teichmann<br>e-mail:\u00a0<a>info@isla-travel.de<\/a><br>Tlf. +34 680 265 785 eller +49 (151) 194 794 80<\/p>\n\n\n\n<p>Opfyldelsesstedet og jurisdiktionen er ISLA PASSI\u00d3s hjemsted, hvis k\u00f8beren er en k\u00f8bmand eller en juridisk person.<\/p>","protected":false},"excerpt":{"rendered":"<p>f\u00fcr Reiseveranstaltungs- und ReisevermittlungsleistungenStand: Januar 2025 Diese Gesch\u00e4ftsbedingungen regeln das Vertragsverh\u00e4ltnis zwischen Ihnen als Reisekunden und&nbsp;ISLA PASSI\u00d3, mit Sitz in&nbsp;07659 Cala Figuera, Mallorca, Spanien. ISLA PASSI\u00d3 bietet sowohl&nbsp;eigene Pauschalreisen als Reiseveranstalter&nbsp;an, als auch&nbsp;vermittelt einzelne touristische Leistungen&nbsp;Dritter (z.\u202fB. Ferienunterk\u00fcnfte, Mietwagen oder Fl\u00fcge). Ma\u00dfgeblich f\u00fcr Ihre Rechte und unsere Pflichten ist,&nbsp;welche Rolle ISLA PASSI\u00d3 bei Ihrer jeweiligen [&hellip;]<\/p>\n","protected":false},"author":1,"featured_media":0,"parent":0,"menu_order":0,"comment_status":"closed","ping_status":"closed","template":"","meta":{"_acf_changed":false,"_et_pb_use_builder":"on","_et_pb_old_content":"<!-- wp:paragraph -->\n<p><strong>Reiseveranstalter mit Sitz in Spanien<\/strong><br><strong>Stand: Januar 2025<\/strong><\/p>\n<!-- \/wp:paragraph -->\n\n<!-- wp:paragraph -->\n<p>Diese Reisebedingungen regeln die vertraglichen Beziehungen zwischen Ihnen als Reisenden und uns,&nbsp;<strong>ISLA PASSI\u00d3<\/strong>, mit Firmensitz in&nbsp;<strong>07659 Cala Figuera, Mallorca, Spanien<\/strong>. Sie gelten f\u00fcr alle Reisevertr\u00e4ge, die wir als Reiseveranstalter abschlie\u00dfen, sowie \u2013 in gesonderter Form \u2013 f\u00fcr Vermittlungsleistungen.<\/p>\n<!-- \/wp:paragraph -->\n\n<!-- wp:paragraph -->\n<p>Mit Ihrer Buchung per E-Mail, Telefon oder pers\u00f6nlich erkl\u00e4ren Sie sich mit diesen Bedingungen einverstanden. Grundlage des Vertrags sind unsere Angebote auf der Website und in sonstigen Ver\u00f6ffentlichungen, auf die in Ihrer Reisebest\u00e4tigung Bezug genommen wird.<\/p>\n<!-- \/wp:paragraph -->\n\n<!-- wp:heading {\"level\":3} -->\n<h3 class=\"wp-block-heading\">1. Vertragsabschluss<\/h3>\n<!-- \/wp:heading -->\n\n<!-- wp:paragraph -->\n<p>Ihre Reiseanmeldung stellt ein verbindliches Angebot dar. Der Vertrag kommt mit unserer Best\u00e4tigung per E-Mail zustande. Diese enth\u00e4lt alle wesentlichen Angaben \u00fcber die gebuchten Leistungen, Preise und Zahlungsbedingungen.<br>Sie als Anmelder haften f\u00fcr alle vertraglichen Verpflichtungen der mitangemeldeten Personen. Bitte informieren Sie uns umgehend, falls Sie 14 Tage vor Reisebeginn noch keine vollst\u00e4ndigen Reiseunterlagen erhalten haben. Andernfalls kann Ihre Nichtanreise als kostenpflichtiger R\u00fccktritt gewertet werden \u2013 es sei denn, es liegt ein erheblicher Reisemangel vor.<\/p>\n<!-- \/wp:paragraph -->\n\n<!-- wp:heading {\"level\":3} -->\n<h3 class=\"wp-block-heading\">2. Bezahlung<\/h3>\n<!-- \/wp:heading -->\n\n<!-- wp:paragraph -->\n<p>Nach Vertragsbest\u00e4tigung ist eine Anzahlung in H\u00f6he von&nbsp;<strong>30\u202f% des Reisepreises<\/strong>&nbsp;f\u00e4llig. Der Restbetrag ist&nbsp;<strong>30 Tage vor Reiseantritt<\/strong>&nbsp;zu zahlen.<br><strong>Wichtig:<\/strong>&nbsp;Als spanischer Veranstalter unterliegen wir nicht der deutschen Sicherungsscheinpflicht gem\u00e4\u00df \u00a7651r BGB. Ihre Zahlungen sind durch unsere spanische Insolvenzversicherung abgesichert (Angabe der Versicherung in der Reisebest\u00e4tigung).<br>Zahlungsarten:<\/p>\n<!-- \/wp:paragraph -->\n\n<!-- wp:list -->\n<ul class=\"wp-block-list\"><!-- wp:list-item -->\n<li>Bank\u00fcberweisung (kostenfrei)<\/li>\n<!-- \/wp:list-item -->\n\n<!-- wp:list-item -->\n<li>Kreditkarte oder PayPal (jeweils +2\u202f% Bearbeitungsgeb\u00fchr)<\/li>\n<!-- \/wp:list-item --><\/ul>\n<!-- \/wp:list -->\n\n<!-- wp:paragraph -->\n<p>Nichtzahlung berechtigt uns zur Vertragsk\u00fcndigung und zur Geltendmachung von Schadensersatz. Bei Mahnungen k\u00f6nnen Mahngeb\u00fchren bis zu 10\u202f\u20ac sowie Verzugszinsen erhoben werden.<\/p>\n<!-- \/wp:paragraph -->\n\n<!-- wp:heading {\"level\":3} -->\n<h3 class=\"wp-block-heading\">3. Leistungen \/ Preise \/ \u00c4nderungen<\/h3>\n<!-- \/wp:heading -->\n\n<!-- wp:paragraph -->\n<p>Verbindlich sind die in Ihrer Reisebest\u00e4tigung genannten Leistungen. \u00c4nderungen vor Vertragsschluss behalten wir uns ausdr\u00fccklich vor.<br>Nach Vertragsschluss sind \u00c4nderungen zul\u00e4ssig, wenn sie unerheblich sind und den Charakter der Reise nicht wesentlich beeintr\u00e4chtigen. Bei erheblichen \u00c4nderungen steht Ihnen ein kostenloser R\u00fccktritt oder eine gleichwertige Ersatzreise zu.<br>Check-in ist in der Regel ab 16:00 Uhr, Check-out bis 10:00 Uhr. Bei versp\u00e4tetem Auszug ohne Absprache k\u00f6nnen bis zu zwei Tagesmieten nachberechnet werden.<\/p>\n<!-- \/wp:paragraph -->\n\n<!-- wp:heading {\"level\":3} -->\n<h3 class=\"wp-block-heading\">4. \u00dcberbelegung<\/h3>\n<!-- \/wp:heading -->\n\n<!-- wp:paragraph -->\n<p>Wird die maximale Belegung einer Unterkunft ohne Genehmigung \u00fcberschritten, k\u00f6nnen wir 80\u202f% des anteiligen Unterkunftspreises pro zus\u00e4tzlicher Person berechnen.<\/p>\n<!-- \/wp:paragraph -->\n\n<!-- wp:heading {\"level\":3} -->\n<h3 class=\"wp-block-heading\">5. R\u00fccktritt durch den Kunden \/ Umbuchung<\/h3>\n<!-- \/wp:heading -->\n\n<!-- wp:paragraph -->\n<p>Sie k\u00f6nnen jederzeit vor Reisebeginn schriftlich zur\u00fccktreten. Es gelten folgende pauschalierte R\u00fccktrittsgeb\u00fchren:<\/p>\n<!-- \/wp:paragraph -->\n\n<!-- wp:paragraph -->\n<p><strong>Bei Pauschalreisen (Veranstalterleistung):<\/strong><\/p>\n<!-- \/wp:paragraph -->\n\n<!-- wp:list -->\n<ul class=\"wp-block-list\"><!-- wp:list-item -->\n<li>bis 45 Tage vor Reisebeginn: 30\u202f%<\/li>\n<!-- \/wp:list-item -->\n\n<!-- wp:list-item -->\n<li>bis 22 Tage: 40\u202f%<\/li>\n<!-- \/wp:list-item -->\n\n<!-- wp:list-item -->\n<li>bis 15 Tage: 60\u202f%<\/li>\n<!-- \/wp:list-item -->\n\n<!-- wp:list-item -->\n<li>bis 8 Tage: 70\u202f%<\/li>\n<!-- \/wp:list-item -->\n\n<!-- wp:list-item -->\n<li>ab 7 Tage: 80\u202f%<\/li>\n<!-- \/wp:list-item -->\n\n<!-- wp:list-item -->\n<li>am Reisetag \/ Nichtantritt: 100\u202f%<\/li>\n<!-- \/wp:list-item --><\/ul>\n<!-- \/wp:list -->\n\n<!-- wp:paragraph -->\n<p><strong>Bei reinen Unterk\u00fcnften (Vermittlung):<\/strong><\/p>\n<!-- \/wp:paragraph -->\n\n<!-- wp:list -->\n<ul class=\"wp-block-list\"><!-- wp:list-item -->\n<li>bis 49 Tage vor Mietbeginn: 30\u202f%<\/li>\n<!-- \/wp:list-item -->\n\n<!-- wp:list-item -->\n<li>48\u201335 Tage: 50\u202f%<\/li>\n<!-- \/wp:list-item -->\n\n<!-- wp:list-item -->\n<li>34\u201322 Tage: 60\u202f%<\/li>\n<!-- \/wp:list-item -->\n\n<!-- wp:list-item -->\n<li>21\u201314 Tage: 90\u202f%<\/li>\n<!-- \/wp:list-item -->\n\n<!-- wp:list-item -->\n<li>ab 13 Tage \/ Nichtantritt: 100\u202f%<\/li>\n<!-- \/wp:list-item --><\/ul>\n<!-- \/wp:list -->\n\n<!-- wp:paragraph -->\n<p>Umbuchungen sind bis 45 Tage vor Reisebeginn gegen Bearbeitungsgeb\u00fchr m\u00f6glich. Danach nur durch R\u00fccktritt und Neuanmeldung.<\/p>\n<!-- \/wp:paragraph -->\n\n<!-- wp:heading {\"level\":3} -->\n<h3 class=\"wp-block-heading\">6. Nicht in Anspruch genommene Leistungen<\/h3>\n<!-- \/wp:heading -->\n\n<!-- wp:paragraph -->\n<p>Bei vorzeitiger Abreise oder Nichtinanspruchnahme einzelner Leistungen besteht kein Anspruch auf R\u00fcckerstattung, es sei denn, der Leistungstr\u00e4ger erstattet uns nachweislich entsprechende Betr\u00e4ge.<\/p>\n<!-- \/wp:paragraph -->\n\n<!-- wp:heading {\"level\":3} -->\n<h3 class=\"wp-block-heading\">7. Reiser\u00fccktrittsversicherung<\/h3>\n<!-- \/wp:heading -->\n\n<!-- wp:paragraph -->\n<p>Wir empfehlen dringend den Abschluss einer Reiser\u00fccktrittskostenversicherung. Auf Wunsch vermitteln wir eine entsprechende Police \u00fcber unsere Partnerversicherung.<\/p>\n<!-- \/wp:paragraph -->\n\n<!-- wp:heading {\"level\":3} -->\n<h3 class=\"wp-block-heading\">8. R\u00fccktritt durch den Veranstalter<\/h3>\n<!-- \/wp:heading -->\n\n<!-- wp:paragraph -->\n<p>Wir behalten uns vor, vom Vertrag zur\u00fcckzutreten bei:<\/p>\n<!-- \/wp:paragraph -->\n\n<!-- wp:list -->\n<ul class=\"wp-block-list\"><!-- wp:list-item -->\n<li>Zahlungsverzug,<\/li>\n<!-- \/wp:list-item -->\n\n<!-- wp:list-item -->\n<li>Nichterreichen der ausgeschriebenen Mindestteilnehmerzahl,<\/li>\n<!-- \/wp:list-item -->\n\n<!-- wp:list-item -->\n<li>wirtschaftlicher Unzumutbarkeit oder<\/li>\n<!-- \/wp:list-item -->\n\n<!-- wp:list-item -->\n<li>h\u00f6herer Gewalt.<br>Bereits geleistete Zahlungen werden erstattet. Weitere Anspr\u00fcche bestehen nicht.<\/li>\n<!-- \/wp:list-item --><\/ul>\n<!-- \/wp:list -->\n\n<!-- wp:heading {\"level\":3} -->\n<h3 class=\"wp-block-heading\">9. H\u00f6here Gewalt<\/h3>\n<!-- \/wp:heading -->\n\n<!-- wp:paragraph -->\n<p>Wird die Reise durch unvorhersehbare Ereignisse wie Naturkatastrophen, politische Unruhen oder Pandemien erheblich beeintr\u00e4chtigt, kann der Vertrag von beiden Seiten gek\u00fcndigt werden. R\u00fcckreisekosten werden zu gleichen Teilen getragen.<\/p>\n<!-- \/wp:paragraph -->\n\n<!-- wp:heading {\"level\":3} -->\n<h3 class=\"wp-block-heading\">10. Haftung &amp; Gew\u00e4hrleistung<\/h3>\n<!-- \/wp:heading -->\n\n<!-- wp:paragraph -->\n<p>Wir haften f\u00fcr:<\/p>\n<!-- \/wp:paragraph -->\n\n<!-- wp:list -->\n<ul class=\"wp-block-list\"><!-- wp:list-item -->\n<li>ordnungsgem\u00e4\u00dfe Durchf\u00fchrung der Reise,<\/li>\n<!-- \/wp:list-item -->\n\n<!-- wp:list-item -->\n<li>sorgf\u00e4ltige Auswahl von Leistungstr\u00e4gern,<\/li>\n<!-- \/wp:list-item -->\n\n<!-- wp:list-item -->\n<li>Einhaltung der beschriebenen Leistungen.<\/li>\n<!-- \/wp:list-item --><\/ul>\n<!-- \/wp:list -->\n\n<!-- wp:paragraph -->\n<p>Bei Reisem\u00e4ngeln haben Sie Anspruch auf Abhilfe, Minderung oder K\u00fcndigung \u2013 unter Setzung einer angemessenen Frist. Unsere Haftung f\u00fcr Sch\u00e4den, die keine K\u00f6rpersch\u00e4den sind, ist auf&nbsp;<strong>das Dreifache des Reisepreises<\/strong>&nbsp;begrenzt \u2013 au\u00dfer bei grober Fahrl\u00e4ssigkeit oder Vorsatz.<\/p>\n<!-- \/wp:paragraph -->\n\n<!-- wp:heading {\"level\":3} -->\n<h3 class=\"wp-block-heading\">11. Fremdleistungen \/ Vermittlung<\/h3>\n<!-- \/wp:heading -->\n\n<!-- wp:paragraph -->\n<p>Bei Leistungen anderer Anbieter (z.\u202fB. Fluggesellschaften, Mietwagen, Hotels ohne Pauschalreisecharakter) handeln wir als Vermittler. Es gelten deren AGB und Stornobedingungen. Wir haften nicht f\u00fcr die ordnungsgem\u00e4\u00dfe Erbringung dieser Leistungen.<\/p>\n<!-- \/wp:paragraph -->\n\n<!-- wp:heading {\"level\":3} -->\n<h3 class=\"wp-block-heading\">12. Mitwirkungspflicht<\/h3>\n<!-- \/wp:heading -->\n\n<!-- wp:paragraph -->\n<p>Bitte melden Sie M\u00e4ngel unverz\u00fcglich. Unterbleibt dies schuldhaft, entfallen Minderungsanspr\u00fcche. Reklamationen sind an&nbsp;<strong><a>info@isla-travel.de<\/a><\/strong>&nbsp;oder telefonisch an unsere Hotline zu richten (Kontaktdaten siehe Reiseunterlagen).<\/p>\n<!-- \/wp:paragraph -->\n\n<!-- wp:heading {\"level\":3} -->\n<h3 class=\"wp-block-heading\">13. Geltendmachung &amp; Verj\u00e4hrung von Anspr\u00fcchen<\/h3>\n<!-- \/wp:heading -->\n\n<!-- wp:paragraph -->\n<p>Anspr\u00fcche auf Minderung, Schadensersatz oder Erstattung sind&nbsp;<strong>innerhalb eines Monats nach Reiseende<\/strong>&nbsp;geltend zu machen. Die Verj\u00e4hrungsfrist betr\u00e4gt&nbsp;<strong>1 Jahr<\/strong>, beginnend mit dem Reiser\u00fcckkehrdatum.<\/p>\n<!-- \/wp:paragraph -->\n\n<!-- wp:heading {\"level\":3} -->\n<h3 class=\"wp-block-heading\">14. Pass-, Visa- und Gesundheitsvorschriften<\/h3>\n<!-- \/wp:heading -->\n\n<!-- wp:paragraph -->\n<p>Bitte informieren Sie sich vor Reiseantritt \u00fcber die f\u00fcr Sie geltenden Einreisebestimmungen. Wir haften nicht f\u00fcr nicht erteilte Visa oder fehlende Dokumente, sofern wir nicht ausdr\u00fccklich damit beauftragt wurden.<\/p>\n<!-- \/wp:paragraph -->\n\n<!-- wp:heading {\"level\":3} -->\n<h3 class=\"wp-block-heading\">15. Mobilit\u00e4t<\/h3>\n<!-- \/wp:heading -->\n\n<!-- wp:paragraph -->\n<p>Unsere Reisen sind nur eingeschr\u00e4nkt f\u00fcr Personen mit Mobilit\u00e4tseinschr\u00e4nkungen geeignet. Bitte kontaktieren Sie uns vor Buchung zur individuellen Pr\u00fcfung.<\/p>\n<!-- \/wp:paragraph -->\n\n<!-- wp:heading {\"level\":3} -->\n<h3 class=\"wp-block-heading\">16. Preis\u00e4nderungsvorbehalt<\/h3>\n<!-- \/wp:heading -->\n\n<!-- wp:paragraph -->\n<p>Wir behalten uns vor, den Reisepreis bei erheblichen Ver\u00e4nderungen von Wechselkursen, Steuern, Geb\u00fchren oder Transportkosten entsprechend anzupassen. Diese Preisanpassung wird nur bei Nachweis vorgenommen.<\/p>\n<!-- \/wp:paragraph -->\n\n<!-- wp:heading {\"level\":3} -->\n<h3 class=\"wp-block-heading\">17. Gerichtsstand \/ Anwendbares Recht<\/h3>\n<!-- \/wp:heading -->\n\n<!-- wp:paragraph -->\n<p>Gerichtsstand ist&nbsp;<strong>Palma de Mallorca, Spanien<\/strong>. Es gilt ausschlie\u00dflich&nbsp;<strong>spanisches Recht<\/strong>. Zwingende Vorschriften des Wohnsitzlandes des Verbrauchers bleiben unber\u00fchrt.<\/p>\n<!-- \/wp:paragraph -->\n\n<!-- wp:heading {\"level\":3} -->\n<h3 class=\"wp-block-heading\">18. Veranstalterangaben<\/h3>\n<!-- \/wp:heading -->\n\n<!-- wp:paragraph -->\n<p><strong>ISLA PASSI\u00d3<\/strong><br>Carrer la Marina 29<br>07659 Cala Figuera<br>Illes Balears \u2013 Spanien<br>Inhaber: Niels-Holger Teichmann<br>E-Mail:\u00a0<a>info@isla-travel.de<\/a><br>Tel.: +34 680 265 785 oder +49 (151) 194 794 80<\/p>\n<!-- \/wp:paragraph -->\n\n<!-- wp:paragraph -->\n<p>Erf\u00fcllungsort und Gerichtstand ist der Sitz der ISLA PASSI\u00d3, soweit es sich bei dem Bezieher um einen Kaufmann oder eine juristische Person handelt.<\/p>\n<!-- \/wp:paragraph -->","_et_gb_content_width":"","footnotes":""},"dipi_cpt_category":[347],"class_list":["post-3261","page","type-page","status-publish","hentry","dipi_cpt_category-sp"],"acf":[],"_links":{"self":[{"href":"https:\/\/isla-travel.de\/da\/wp-json\/wp\/v2\/pages\/3261","targetHints":{"allow":["GET"]}}],"collection":[{"href":"https:\/\/isla-travel.de\/da\/wp-json\/wp\/v2\/pages"}],"about":[{"href":"https:\/\/isla-travel.de\/da\/wp-json\/wp\/v2\/types\/page"}],"author":[{"embeddable":true,"href":"https:\/\/isla-travel.de\/da\/wp-json\/wp\/v2\/users\/1"}],"replies":[{"embeddable":true,"href":"https:\/\/isla-travel.de\/da\/wp-json\/wp\/v2\/comments?post=3261"}],"version-history":[{"count":9,"href":"https:\/\/isla-travel.de\/da\/wp-json\/wp\/v2\/pages\/3261\/revisions"}],"predecessor-version":[{"id":25989050,"href":"https:\/\/isla-travel.de\/da\/wp-json\/wp\/v2\/pages\/3261\/revisions\/25989050"}],"wp:attachment":[{"href":"https:\/\/isla-travel.de\/da\/wp-json\/wp\/v2\/media?parent=3261"}],"wp:term":[{"taxonomy":"dipi_cpt_category","embeddable":true,"href":"https:\/\/isla-travel.de\/da\/wp-json\/wp\/v2\/dipi_cpt_category?post=3261"}],"curies":[{"name":"wp","href":"https:\/\/api.w.org\/{rel}","templated":true}]}}