{"id":110,"date":"2018-09-13T09:47:23","date_gmt":"2018-09-13T07:47:23","guid":{"rendered":"https:\/\/isla-travel.de\/?page_id=110"},"modified":"2024-09-17T17:43:40","modified_gmt":"2024-09-17T15:43:40","slug":"imprint","status":"publish","type":"page","link":"https:\/\/isla-travel.de\/en\/impressum\/","title":{"rendered":"Imprint"},"content":{"rendered":"<p>Responsible for the content under the domains isla-travel.de and my.isla-travel.de is<\/p>\n<p><strong>ISLA PASSI\u00d3<\/strong><br \/>\n<span class=\"islafont\">isla<\/span> <b>MAGAZINE | TRAVEL | EVENTS<\/b><br \/>\nNiels-Holger Teichmann<br \/>\nCarrer la Marina 29<br \/>\n07659 Cala Figuera<br \/>\nBalearic Islands<br \/>\nSpain<\/p>\n<p>VAT ID No. ESX9124865Y<\/p>\n<p>Phone DE: +49 (0)151 194 794 80<br \/>\nTel. ES: +34 680 265 785<br \/>\nMail: hello@isla-travel.de<\/p>\n<p style=\"text-align: left;\">Editorial office<br \/>\nSaskia Teichmann (st) &amp; Niels-Holger Teichmann (nt)<\/p>\n<p>Tel. ES: +34 601 908 159<br \/>\nMail: redaktion@isla-travel.de<\/p>\n<h2>Concept &amp; Design 2017<\/h2>\n<p><a href=\"https:\/\/pahlcc.de\" target=\"_blank\" rel=\"noopener noreferrer\">Martin Pahl \/\/ PahlCC<\/a><\/p>\n<h2>Programming (2017) &amp; web design and concept (from 2023)<\/h2>\n<p><a href=\"https:\/\/www.saskialund.de\" target=\"_blank\" rel=\"noopener noreferrer\">Saskia Teichmann \/\/ <span class=\"islafont\">isla<\/span> <b>STUDIO<\/b><\/a><\/p>\n<h2>Picture credits<\/h2>\n<p>Niels-Holger Teichmann<br \/>\nGunnar Knechtel<br \/>\nLunamarina<br \/>\nDamocean<br \/>\nKelly Jean<br \/>\nMarisa Morton<br \/>\nEvelina Friman<br \/>\nMarc Babin<\/p>\n<h2>Information on audiovisual media services<\/h2>\n<p>Country of domicile: Spain<br \/>\nRegulatory and supervisory authority:Comisi\u00f3n Nacional de los Mercados y la competencia<\/p>\n<h2>EU dispute resolution<\/h2>\n<p>The European Commission provides a platform for online dispute resolution (OS): <a href=\"https:\/\/ec.europa.eu\/consumers\/odr\/.\" target=\"_blank\" rel=\"noopener\">https:\/\/ec.europa.eu\/consumers\/odr\/<\/a><\/p>\n<h2>Disclaimer<\/h2>\n<p>We are responsible for the content of our website in accordance with the provisions of general law, in particular Section 7 (1) of the German Telemedia Act. All content is created with due care and to the best of our knowledge. Insofar as we refer to third-party websites on our Internet pages by means of hyperlinks, we cannot assume any liability for the continued topicality, correctness and completeness of the linked content, as this content is outside our area of responsibility and we have no influence on its future design. If you consider any content to be in breach of applicable law or inappropriate, please let us know.<br \/>\nThe legal information on this page as well as all questions and disputes in connection with the design of this website are subject to Spanish law.<\/p>\n<h2>Copyright notice<\/h2>\n<p>The texts, images, photos, videos or graphics on our website are generally protected by copyright. Any unauthorized use (in particular the reproduction, editing or distribution) of this copyright-protected content is therefore prohibited. If you intend to use this content or parts thereof, please contact us in advance using the details above. If we are not ourselves the owner of the required copyright usage rights, we will endeavor to arrange contact with the entitled party.<\/p>\n<h2>Social media profiles<\/h2>\n<p>This legal notice also applies to the following social media profiles:<br \/>\nInstagram: https:\/\/www.instagram.com\/isla_magazin_mallorca\/<br \/>\nFacebook: https:\/\/www.facebook.com\/islaeventmagazinmallorca\/<br \/>\nPinterest: https:\/\/www.pinterest.de\/isla_travel_mallorca\/<\/p>","protected":false},"excerpt":{"rendered":"<p>Verantwortlich f\u00fcr die Inhalte unter den Domains isla-travel.de und my.isla-travel.de ist ISLA PASSI\u00d3 isla MAGAZIN | TRAVEL | EVENTS Niels-Holger Teichmann Carrer la Marina 29 07659 Cala Figuera Balearen Spanien USt.Id.Nr. ESX9124865Y Tel. DE: +49 (0)151 194 794 80 Tel. ES: +34 680 265 785 Mail: hello@isla-travel.de Redaktion Saskia Teichmann (st) &amp; Niels-Holger Teichmann (nt) [&hellip;]<\/p>\n","protected":false},"author":1,"featured_media":0,"parent":0,"menu_order":0,"comment_status":"closed","ping_status":"closed","template":"","meta":{"_acf_changed":false,"_et_pb_use_builder":"off","_et_pb_old_content":"Verantwortlich f\u00fcr die Inhalte unter den Domains isla-travel.de und my.isla-travel.de ist\r\n\r\nisla Group GmbH\r\nMarcus-Heinemann-Str. 34\r\n21337 L\u00fcneburg\r\n\r\nTel: (04131) 2201150\r\nMail: hello@isla-travel.de\r\n\r\nUmsatzsteuer-Ident-Nummer:\r\nDE312564916\r\n\r\nRegistergericht: AG L\u00fcneburg\r\nRegisternummer: HRB 206909\r\n\r\nGesch\u00e4ftsf\u00fchrer\r\nHerr Niels-Holger Teichmann\r\n\r\nVerantwortliche f\u00fcr journalistisch-redaktionelle gestaltete Inhalte:\r\nFrau Dorothee Teichmann\r\nMarcus-Heinemann-Str. 34\r\n21337 L\u00fcneburg\r\nMail: doro@isla-travel.de\r\n\r\n<h2>Konzept & Design<\/h2>\r\n<a href=\"https:\/\/pahlcc.de\" target=\"_blank\">Martin Pahl \/\/ PahlCC\r\n<\/a>\r\n\r\n<h2>Programmierung & Webdesign<\/h2>\r\n<a href=\"https:\/\/www.saskialund.de\" target=\"_blank\">Saskia Lund \/\/ lund | wordpress studio<\/a>\r\n\r\n<h2>Bildnachweis<\/h2>\r\nisla Group GmbH\r\nDorothee Teichmann\r\nNiels Teichmann\r\nPhoto by\u00a0Kelly Jean\u00a0on\u00a0Unsplash\r\nPhoto by\u00a0Marisa Morton\u00a0on\u00a0Unsplash\r\nPhoto by\u00a0Evelina Friman\u00a0on\u00a0Unsplash\r\nPhoto by\u00a0Marc Babin\u00a0on\u00a0Unsplash\r\n\r\n<h2>Rechtliche Hinweise<\/h2>\r\nDie isla Group GmbH pr\u00fcft und aktualisiert die Informationen auf diesen Webseiten st\u00e4ndig. Trotz aller Sorgfalt k\u00f6nnen sich die Daten inzwischen ver\u00e4ndert haben. Eine Haftung oder Garantie f\u00fcr die Aktualit\u00e4t, Richtigkeit und Vollst\u00e4ndigkeit der zur Verf\u00fcgung gestellten Informationen kann daher nicht \u00fcbernommen werden. Gleiches gilt auch f\u00fcr alle anderen Webseiten, auf die mittels Hyperlink verwiesen wird. Die isla Group GmbH ist f\u00fcr den Inhalt der Webseiten, die aufgrund einer solchen Verbindung erreicht werden, nicht verantwortlich. Desweiteren beh\u00e4lt sich die isla Group GmbH das Recht vor, \u00c4nderungen oder Erg\u00e4nzungen der bereitgestellten Informationen vorzunehmen. Inhalt und Struktur der isla Group GmbH Webseiten sind urheberrechtlich gesch\u00fctzt. Die Vervielf\u00e4ltigung von Informationen oder Daten, insbesondere die Verwendung von Texten, Textteilen oder Bildmaterial, bedarf der vorherigen Zustimmung der isla Group GmbH.","_et_gb_content_width":"","footnotes":""},"dipi_cpt_category":[347],"class_list":["post-110","page","type-page","status-publish","hentry","dipi_cpt_category-sp"],"acf":[],"_links":{"self":[{"href":"https:\/\/isla-travel.de\/en\/wp-json\/wp\/v2\/pages\/110","targetHints":{"allow":["GET"]}}],"collection":[{"href":"https:\/\/isla-travel.de\/en\/wp-json\/wp\/v2\/pages"}],"about":[{"href":"https:\/\/isla-travel.de\/en\/wp-json\/wp\/v2\/types\/page"}],"author":[{"embeddable":true,"href":"https:\/\/isla-travel.de\/en\/wp-json\/wp\/v2\/users\/1"}],"replies":[{"embeddable":true,"href":"https:\/\/isla-travel.de\/en\/wp-json\/wp\/v2\/comments?post=110"}],"version-history":[{"count":15,"href":"https:\/\/isla-travel.de\/en\/wp-json\/wp\/v2\/pages\/110\/revisions"}],"predecessor-version":[{"id":25973971,"href":"https:\/\/isla-travel.de\/en\/wp-json\/wp\/v2\/pages\/110\/revisions\/25973971"}],"wp:attachment":[{"href":"https:\/\/isla-travel.de\/en\/wp-json\/wp\/v2\/media?parent=110"}],"wp:term":[{"taxonomy":"dipi_cpt_category","embeddable":true,"href":"https:\/\/isla-travel.de\/en\/wp-json\/wp\/v2\/dipi_cpt_category?post=110"}],"curies":[{"name":"wp","href":"https:\/\/api.w.org\/{rel}","templated":true}]}}