{"id":110,"date":"2018-09-13T09:47:23","date_gmt":"2018-09-13T07:47:23","guid":{"rendered":"https:\/\/isla-travel.de\/?page_id=110"},"modified":"2024-09-17T17:43:40","modified_gmt":"2024-09-17T15:43:40","slug":"imprimir","status":"publish","type":"page","link":"https:\/\/isla-travel.de\/es\/impressum\/","title":{"rendered":"Pie de imprenta"},"content":{"rendered":"<p>Responsable del contenido bajo los dominios isla-travel.de y my.isla-travel.de es<\/p>\n<p><strong>ISLA PASSI\u00d3<\/strong><br \/>\n<span class=\"islafont\">isla<\/span> <b>REVISTA | VIAJES | EVENTOS<\/b><br \/>\nNiels-Holger Teichmann<br \/>\nCalle la Marina 29<br \/>\n07659 Cala Figuera<br \/>\nIslas Baleares<br \/>\nEspa\u00f1a<\/p>\n<p>NIF IVA ESX9124865Y<\/p>\n<p>Tel\u00e9fono DE: +49 (0)151 194 794 80<br \/>\nTel. ES: +34 680 265 785<br \/>\nCorreo electr\u00f3nico: hello@isla-travel.de<\/p>\n<p style=\"text-align: left;\">Redacci\u00f3n<br \/>\nSaskia Teichmann (st) y Niels-Holger Teichmann (nt)<\/p>\n<p>Tel. ES: +34 601 908 159<br \/>\nCorreo electr\u00f3nico: redaktion@isla-travel.de<\/p>\n<h2>Concepto y dise\u00f1o 2017<\/h2>\n<p><a href=\"https:\/\/pahlcc.de\" target=\"_blank\" rel=\"noopener noreferrer\">Martin Pahl \/\/ PahlCC<\/a><\/p>\n<h2>Programaci\u00f3n (2017) y dise\u00f1o y concepto de la web (a partir de 2023)<\/h2>\n<p><a href=\"https:\/\/www.saskialund.de\" target=\"_blank\" rel=\"noopener noreferrer\">Saskia Teichmann \/\/ <span class=\"islafont\">isla<\/span> <b>ESTUDIO<\/b><\/a><\/p>\n<h2>Cr\u00e9ditos de las im\u00e1genes<\/h2>\n<p>Niels-Holger Teichmann<br \/>\nGunnar Knechtel<br \/>\nLunamarina<br \/>\nDamocean<br \/>\nKelly Jean<br \/>\nMarisa Morton<br \/>\nEvelina Friman<br \/>\nMarc Babin<\/p>\n<h2>Informaci\u00f3n sobre los servicios de medios audiovisuales<\/h2>\n<p>Pa\u00eds de domicilio: Espa\u00f1a<br \/>\nAutoridad reguladora y supervisora:Comisi\u00f3n Nacional de los Mercados y la competencia<\/p>\n<h2>Resoluci\u00f3n de litigios en la UE<\/h2>\n<p>La Comisi\u00f3n Europea ofrece una plataforma para la resoluci\u00f3n de litigios en l\u00ednea (OS): <a href=\"https:\/\/ec.europa.eu\/consumers\/odr\/.\" target=\"_blank\" rel=\"noopener\">https:\/\/ec.europa.eu\/consumers\/odr\/<\/a><\/p>\n<h2>Descargo de responsabilidad<\/h2>\n<p>Somos responsables del contenido de nuestro sitio web de conformidad con las disposiciones de la legislaci\u00f3n general, en particular el art\u00edculo 7 (1) de la Ley alemana de Telemedia. Todos los contenidos se crean con el debido cuidado y seg\u00fan nuestro leal saber y entender. En la medida en que en nuestras p\u00e1ginas de Internet remitamos a sitios web de terceros mediante hiperv\u00ednculos, no podemos asumir ninguna responsabilidad por la actualidad, correcci\u00f3n e integridad de los contenidos enlazados, ya que estos contenidos est\u00e1n fuera de nuestro \u00e1mbito de responsabilidad y no tenemos ninguna influencia sobre su futuro dise\u00f1o. Si considera que alg\u00fan contenido infringe la legislaci\u00f3n aplicable o es inapropiado, le rogamos que nos lo comunique.<br \/>\nLa informaci\u00f3n legal de esta p\u00e1gina, as\u00ed como todas las cuestiones y disputas relacionadas con el dise\u00f1o de esta p\u00e1gina web est\u00e1n sujetas a la legislaci\u00f3n espa\u00f1ola.<\/p>\n<h2>Aviso de derechos de autor<\/h2>\n<p>Los textos, im\u00e1genes, fotos, v\u00eddeos y gr\u00e1ficos de nuestra p\u00e1gina web est\u00e1n protegidos en general por derechos de autor. Por lo tanto, queda prohibido cualquier uso no autorizado (en particular, la reproducci\u00f3n, edici\u00f3n o distribuci\u00f3n) de estos contenidos protegidos por derechos de autor. Si tiene intenci\u00f3n de utilizar este contenido o partes del mismo, p\u00f3ngase en contacto con nosotros previamente utilizando los datos indicados anteriormente. En caso de que no seamos nosotros mismos los titulares de los derechos de uso necesarios, procuraremos ponernos en contacto con la parte autorizada.<\/p>\n<h2>Perfiles en las redes sociales<\/h2>\n<p>Este aviso legal tambi\u00e9n se aplica a los siguientes perfiles de redes sociales:<br \/>\nInstagram: https:\/\/www.instagram.com\/isla_magazin_mallorca\/<br \/>\nFacebook: https:\/\/www.facebook.com\/islaeventmagazinmallorca\/<br \/>\nPinterest: https:\/\/www.pinterest.de\/isla_travel_mallorca\/<\/p>","protected":false},"excerpt":{"rendered":"<p>Verantwortlich f\u00fcr die Inhalte unter den Domains isla-travel.de und my.isla-travel.de ist ISLA PASSI\u00d3 isla MAGAZIN | TRAVEL | EVENTS Niels-Holger Teichmann Carrer la Marina 29 07659 Cala Figuera Balearen Spanien USt.Id.Nr. ESX9124865Y Tel. DE: +49 (0)151 194 794 80 Tel. ES: +34 680 265 785 Mail: hello@isla-travel.de Redaktion Saskia Teichmann (st) &amp; Niels-Holger Teichmann (nt) [&hellip;]<\/p>\n","protected":false},"author":1,"featured_media":0,"parent":0,"menu_order":0,"comment_status":"closed","ping_status":"closed","template":"","meta":{"_acf_changed":false,"_et_pb_use_builder":"off","_et_pb_old_content":"Verantwortlich f\u00fcr die Inhalte unter den Domains isla-travel.de und my.isla-travel.de ist\r\n\r\nisla Group GmbH\r\nMarcus-Heinemann-Str. 34\r\n21337 L\u00fcneburg\r\n\r\nTel: (04131) 2201150\r\nMail: hello@isla-travel.de\r\n\r\nUmsatzsteuer-Ident-Nummer:\r\nDE312564916\r\n\r\nRegistergericht: AG L\u00fcneburg\r\nRegisternummer: HRB 206909\r\n\r\nGesch\u00e4ftsf\u00fchrer\r\nHerr Niels-Holger Teichmann\r\n\r\nVerantwortliche f\u00fcr journalistisch-redaktionelle gestaltete Inhalte:\r\nFrau Dorothee Teichmann\r\nMarcus-Heinemann-Str. 34\r\n21337 L\u00fcneburg\r\nMail: doro@isla-travel.de\r\n\r\n<h2>Konzept & Design<\/h2>\r\n<a href=\"https:\/\/pahlcc.de\" target=\"_blank\">Martin Pahl \/\/ PahlCC\r\n<\/a>\r\n\r\n<h2>Programmierung & Webdesign<\/h2>\r\n<a href=\"https:\/\/www.saskialund.de\" target=\"_blank\">Saskia Lund \/\/ lund | wordpress studio<\/a>\r\n\r\n<h2>Bildnachweis<\/h2>\r\nisla Group GmbH\r\nDorothee Teichmann\r\nNiels Teichmann\r\nPhoto by\u00a0Kelly Jean\u00a0on\u00a0Unsplash\r\nPhoto by\u00a0Marisa Morton\u00a0on\u00a0Unsplash\r\nPhoto by\u00a0Evelina Friman\u00a0on\u00a0Unsplash\r\nPhoto by\u00a0Marc Babin\u00a0on\u00a0Unsplash\r\n\r\n<h2>Rechtliche Hinweise<\/h2>\r\nDie isla Group GmbH pr\u00fcft und aktualisiert die Informationen auf diesen Webseiten st\u00e4ndig. Trotz aller Sorgfalt k\u00f6nnen sich die Daten inzwischen ver\u00e4ndert haben. Eine Haftung oder Garantie f\u00fcr die Aktualit\u00e4t, Richtigkeit und Vollst\u00e4ndigkeit der zur Verf\u00fcgung gestellten Informationen kann daher nicht \u00fcbernommen werden. Gleiches gilt auch f\u00fcr alle anderen Webseiten, auf die mittels Hyperlink verwiesen wird. Die isla Group GmbH ist f\u00fcr den Inhalt der Webseiten, die aufgrund einer solchen Verbindung erreicht werden, nicht verantwortlich. Desweiteren beh\u00e4lt sich die isla Group GmbH das Recht vor, \u00c4nderungen oder Erg\u00e4nzungen der bereitgestellten Informationen vorzunehmen. Inhalt und Struktur der isla Group GmbH Webseiten sind urheberrechtlich gesch\u00fctzt. Die Vervielf\u00e4ltigung von Informationen oder Daten, insbesondere die Verwendung von Texten, Textteilen oder Bildmaterial, bedarf der vorherigen Zustimmung der isla Group GmbH.","_et_gb_content_width":"","footnotes":""},"dipi_cpt_category":[347],"class_list":["post-110","page","type-page","status-publish","hentry","dipi_cpt_category-sp"],"acf":[],"_links":{"self":[{"href":"https:\/\/isla-travel.de\/es\/wp-json\/wp\/v2\/pages\/110","targetHints":{"allow":["GET"]}}],"collection":[{"href":"https:\/\/isla-travel.de\/es\/wp-json\/wp\/v2\/pages"}],"about":[{"href":"https:\/\/isla-travel.de\/es\/wp-json\/wp\/v2\/types\/page"}],"author":[{"embeddable":true,"href":"https:\/\/isla-travel.de\/es\/wp-json\/wp\/v2\/users\/1"}],"replies":[{"embeddable":true,"href":"https:\/\/isla-travel.de\/es\/wp-json\/wp\/v2\/comments?post=110"}],"version-history":[{"count":15,"href":"https:\/\/isla-travel.de\/es\/wp-json\/wp\/v2\/pages\/110\/revisions"}],"predecessor-version":[{"id":25973971,"href":"https:\/\/isla-travel.de\/es\/wp-json\/wp\/v2\/pages\/110\/revisions\/25973971"}],"wp:attachment":[{"href":"https:\/\/isla-travel.de\/es\/wp-json\/wp\/v2\/media?parent=110"}],"wp:term":[{"taxonomy":"dipi_cpt_category","embeddable":true,"href":"https:\/\/isla-travel.de\/es\/wp-json\/wp\/v2\/dipi_cpt_category?post=110"}],"curies":[{"name":"wp","href":"https:\/\/api.w.org\/{rel}","templated":true}]}}