{"id":110,"date":"2018-09-13T09:47:23","date_gmt":"2018-09-13T07:47:23","guid":{"rendered":"https:\/\/isla-travel.de\/?page_id=110"},"modified":"2024-09-17T17:43:40","modified_gmt":"2024-09-17T15:43:40","slug":"mentions-legales","status":"publish","type":"page","link":"https:\/\/isla-travel.de\/fr\/impressum\/","title":{"rendered":"Mentions l\u00e9gales"},"content":{"rendered":"<p>Responsable du contenu sous les domaines isla-travel.de et my.isla-travel.de est<\/p>\n<p><strong>ISLA PASSI\u00d3<\/strong><br \/>\n<span class=\"islafont\">isla<\/span> <b>MAGAZINE | TRAVEL | EVENTS<\/b><br \/>\nNiels-Holger Teichmann<br \/>\nCarrer la Marina 29<br \/>\n07659 Cala Figuera<br \/>\n\u00celes Bal\u00e9ares<br \/>\nEspagne<\/p>\n<p>N\u00b0 de TVA ESX9124865Y<\/p>\n<p>T\u00e9l. FR : +49 (0)151 194 794 80<br \/>\nT\u00e9l. ES : +34 680 265 785<br \/>\nCourrier \u00e9lectronique : hello@isla-travel.de<\/p>\n<p style=\"text-align: left;\">R\u00e9daction<br \/>\nSaskia Teichmann (st) &amp; Niels-Holger Teichmann (nt)<\/p>\n<p>T\u00e9l. ES : +34 601 908 159<br \/>\nCourrier \u00e9lectronique : redaktion@isla-travel.de<\/p>\n<h2>Concept &amp; design 2017<\/h2>\n<p><a href=\"https:\/\/pahlcc.de\" target=\"_blank\" rel=\"noopener noreferrer\">Martin Pahl \/\/ PahlCC<\/a><\/p>\n<h2>Programmation (2017) &amp; Webdesign et concept (\u00e0 partir de 2023)<\/h2>\n<p><a href=\"https:\/\/www.saskialund.de\" target=\"_blank\" rel=\"noopener noreferrer\">Saskia Teichmann \/\/ <span class=\"islafont\">isla<\/span> <b>STUDIO<\/b><\/a><\/p>\n<h2>Cr\u00e9dit photo<\/h2>\n<p>Niels-Holger Teichmann<br \/>\nGunnar Knechtel<br \/>\nLunamarina<br \/>\nDamocean<br \/>\nKelly Jean<br \/>\nMarisa Morton<br \/>\nEvelina Friman<br \/>\nMarc Babin<\/p>\n<h2>Informations sur les services de m\u00e9dias audiovisuels<\/h2>\n<p>Pays de r\u00e9sidence : Espagne<br \/>\nAutorit\u00e9 de r\u00e9gulation et de surveillance:Comisi\u00f3n Nacional de los Mercados y la competencia<\/p>\n<h2>R\u00e8glement des litiges de l'UE<\/h2>\n<p>La Commission europ\u00e9enne a mis en place une plateforme de r\u00e8glement en ligne des litiges (RLL) : <a href=\"https:\/\/ec.europa.eu\/consumers\/odr\/.\" target=\"_blank\" rel=\"noopener\">https:\/\/ec.europa.eu\/consumers\/odr\/<\/a><\/p>\n<h2>Clause de non-responsabilit\u00e9<\/h2>\n<p>Nous sommes responsables du contenu de nos pages Internet conform\u00e9ment aux dispositions de la l\u00e9gislation g\u00e9n\u00e9rale, en particulier du \u00a7 7, alin\u00e9a 1 de la loi sur les t\u00e9l\u00e9m\u00e9dias. Tous les contenus sont \u00e9labor\u00e9s avec le soin requis et en toute connaissance de cause. Dans la mesure o\u00f9 nos pages Internet renvoient \u00e0 des pages Internet de tiers au moyen d'hyperliens, nous ne pouvons pas garantir l'actualit\u00e9, l'exactitude et l'exhaustivit\u00e9 des contenus li\u00e9s, car ces contenus ne rel\u00e8vent pas de notre responsabilit\u00e9 et nous n'avons aucune influence sur leur conception future. Si vous estimez que des contenus enfreignent la l\u00e9gislation en vigueur ou sont inappropri\u00e9s, veuillez nous en informer.<br \/>\nLes mentions l\u00e9gales de cette page, ainsi que toute question ou tout litige relatif \u00e0 la conception de ce site Internet, sont r\u00e9gis par la l\u00e9gislation espagnole.<\/p>\n<h2>Avis de droit d'auteur<\/h2>\n<p>Les textes, images, photos, vid\u00e9os ou graphiques pr\u00e9sents sur notre site Internet sont g\u00e9n\u00e9ralement prot\u00e9g\u00e9s par des droits d'auteur. Toute utilisation non autoris\u00e9e (notamment la reproduction, l'adaptation ou la diffusion) de ces contenus prot\u00e9g\u00e9s par des droits d'auteur est donc interdite. Si vous avez l'intention d'utiliser tout ou partie de ces contenus, veuillez nous contacter \u00e0 l'avance en utilisant les coordonn\u00e9es ci-dessus. Si nous ne sommes pas nous-m\u00eames titulaires des droits d'utilisation n\u00e9cessaires, nous nous efforcerons de vous mettre en contact avec l'ayant droit.<\/p>\n<h2>Profils de m\u00e9dias sociaux<\/h2>\n<p>Ces mentions l\u00e9gales s'appliquent \u00e9galement aux profils de m\u00e9dias sociaux suivants :<br \/>\nInstagram : https:\/\/www.instagram.com\/isla_magazin_mallorca\/<br \/>\nFacebook : https:\/\/www.facebook.com\/islaeventmagazinmallorca\/<br \/>\nPinterest : https:\/\/www.pinterest.de\/isla_travel_mallorca\/<\/p>","protected":false},"excerpt":{"rendered":"<p>Verantwortlich f\u00fcr die Inhalte unter den Domains isla-travel.de und my.isla-travel.de ist ISLA PASSI\u00d3 isla MAGAZIN | TRAVEL | EVENTS Niels-Holger Teichmann Carrer la Marina 29 07659 Cala Figuera Balearen Spanien USt.Id.Nr. ESX9124865Y Tel. DE: +49 (0)151 194 794 80 Tel. ES: +34 680 265 785 Mail: hello@isla-travel.de Redaktion Saskia Teichmann (st) &amp; Niels-Holger Teichmann (nt) [&hellip;]<\/p>\n","protected":false},"author":1,"featured_media":0,"parent":0,"menu_order":0,"comment_status":"closed","ping_status":"closed","template":"","meta":{"_acf_changed":false,"_et_pb_use_builder":"off","_et_pb_old_content":"Verantwortlich f\u00fcr die Inhalte unter den Domains isla-travel.de und my.isla-travel.de ist\r\n\r\nisla Group GmbH\r\nMarcus-Heinemann-Str. 34\r\n21337 L\u00fcneburg\r\n\r\nTel: (04131) 2201150\r\nMail: hello@isla-travel.de\r\n\r\nUmsatzsteuer-Ident-Nummer:\r\nDE312564916\r\n\r\nRegistergericht: AG L\u00fcneburg\r\nRegisternummer: HRB 206909\r\n\r\nGesch\u00e4ftsf\u00fchrer\r\nHerr Niels-Holger Teichmann\r\n\r\nVerantwortliche f\u00fcr journalistisch-redaktionelle gestaltete Inhalte:\r\nFrau Dorothee Teichmann\r\nMarcus-Heinemann-Str. 34\r\n21337 L\u00fcneburg\r\nMail: doro@isla-travel.de\r\n\r\n<h2>Konzept & Design<\/h2>\r\n<a href=\"https:\/\/pahlcc.de\" target=\"_blank\">Martin Pahl \/\/ PahlCC\r\n<\/a>\r\n\r\n<h2>Programmierung & Webdesign<\/h2>\r\n<a href=\"https:\/\/www.saskialund.de\" target=\"_blank\">Saskia Lund \/\/ lund | wordpress studio<\/a>\r\n\r\n<h2>Bildnachweis<\/h2>\r\nisla Group GmbH\r\nDorothee Teichmann\r\nNiels Teichmann\r\nPhoto by\u00a0Kelly Jean\u00a0on\u00a0Unsplash\r\nPhoto by\u00a0Marisa Morton\u00a0on\u00a0Unsplash\r\nPhoto by\u00a0Evelina Friman\u00a0on\u00a0Unsplash\r\nPhoto by\u00a0Marc Babin\u00a0on\u00a0Unsplash\r\n\r\n<h2>Rechtliche Hinweise<\/h2>\r\nDie isla Group GmbH pr\u00fcft und aktualisiert die Informationen auf diesen Webseiten st\u00e4ndig. Trotz aller Sorgfalt k\u00f6nnen sich die Daten inzwischen ver\u00e4ndert haben. Eine Haftung oder Garantie f\u00fcr die Aktualit\u00e4t, Richtigkeit und Vollst\u00e4ndigkeit der zur Verf\u00fcgung gestellten Informationen kann daher nicht \u00fcbernommen werden. Gleiches gilt auch f\u00fcr alle anderen Webseiten, auf die mittels Hyperlink verwiesen wird. Die isla Group GmbH ist f\u00fcr den Inhalt der Webseiten, die aufgrund einer solchen Verbindung erreicht werden, nicht verantwortlich. Desweiteren beh\u00e4lt sich die isla Group GmbH das Recht vor, \u00c4nderungen oder Erg\u00e4nzungen der bereitgestellten Informationen vorzunehmen. Inhalt und Struktur der isla Group GmbH Webseiten sind urheberrechtlich gesch\u00fctzt. Die Vervielf\u00e4ltigung von Informationen oder Daten, insbesondere die Verwendung von Texten, Textteilen oder Bildmaterial, bedarf der vorherigen Zustimmung der isla Group GmbH.","_et_gb_content_width":"","footnotes":""},"dipi_cpt_category":[347],"class_list":["post-110","page","type-page","status-publish","hentry","dipi_cpt_category-sp"],"acf":[],"_links":{"self":[{"href":"https:\/\/isla-travel.de\/fr\/wp-json\/wp\/v2\/pages\/110","targetHints":{"allow":["GET"]}}],"collection":[{"href":"https:\/\/isla-travel.de\/fr\/wp-json\/wp\/v2\/pages"}],"about":[{"href":"https:\/\/isla-travel.de\/fr\/wp-json\/wp\/v2\/types\/page"}],"author":[{"embeddable":true,"href":"https:\/\/isla-travel.de\/fr\/wp-json\/wp\/v2\/users\/1"}],"replies":[{"embeddable":true,"href":"https:\/\/isla-travel.de\/fr\/wp-json\/wp\/v2\/comments?post=110"}],"version-history":[{"count":15,"href":"https:\/\/isla-travel.de\/fr\/wp-json\/wp\/v2\/pages\/110\/revisions"}],"predecessor-version":[{"id":25973971,"href":"https:\/\/isla-travel.de\/fr\/wp-json\/wp\/v2\/pages\/110\/revisions\/25973971"}],"wp:attachment":[{"href":"https:\/\/isla-travel.de\/fr\/wp-json\/wp\/v2\/media?parent=110"}],"wp:term":[{"taxonomy":"dipi_cpt_category","embeddable":true,"href":"https:\/\/isla-travel.de\/fr\/wp-json\/wp\/v2\/dipi_cpt_category?post=110"}],"curies":[{"name":"wp","href":"https:\/\/api.w.org\/{rel}","templated":true}]}}