{"id":1458,"date":"2018-10-11T14:49:29","date_gmt":"2018-10-11T12:49:29","guid":{"rendered":"https:\/\/isla-travel.de\/?page_id=1458"},"modified":"2024-12-04T14:36:24","modified_gmt":"2024-12-04T13:36:24","slug":"informazioni-su-isla","status":"publish","type":"page","link":"https:\/\/isla-travel.de\/it\/ueber-isla\/","title":{"rendered":"Mi isla"},"content":{"rendered":"<p>[et_pb_section fb_built=&#8220;1&#8243; custom_padding_last_edited=&#8220;on|phone&#8220; _builder_version=&#8220;4.25.0&#8243; background_image=&#8220;https:\/\/isla-travel.de\/wp-content\/uploads\/2018\/10\/mi-isla-main.jpg&#8220; min_height=&#8220;500px&#8220; min_height_tablet=&#8220;40vh&#8220; min_height_phone=&#8220;40vh&#8220; min_height_last_edited=&#8220;on|phone&#8220; height=&#8220;65vh&#8220; height_tablet=&#8220;65vh&#8220; height_phone=&#8220;65vh&#8220; height_last_edited=&#8220;on|tablet&#8220; custom_padding=&#8220;40px|0px|40px|0px|true|false&#8220; custom_padding_tablet=&#8220;30px||30px||true|false&#8220; custom_padding_phone=&#8220;20px|0px|20px|0px|true|false&#8220; animation_style=&#8220;zoom&#8220; animation_intensity_zoom=&#8220;5%&#8220; background_last_edited=&#8220;off|desktop&#8220; parallax_tablet=&#8220;off&#8220; custom_css_main_element=&#8220;position: relative;||z-index: 1;||display: -webkit-box;||display: -ms-flexbox;||display: flex;||-webkit-box-orient: vertical;||-webkit-box-direction: normal;||    -ms-flex-direction: column;||        flex-direction: column;||-webkit-box-pack: center;||    -ms-flex-pack: center;||        justify-content: center;||-webkit-box-align: center;||    -ms-flex-align: center;||        align-items: center;&#8220; global_colors_info=&#8220;{}&#8220;][et_pb_row _builder_version=&#8220;4.16&#8243; background_size=&#8220;initial&#8220; background_position=&#8220;top_left&#8220; background_repeat=&#8220;repeat&#8220; custom_padding=&#8220;64px|0px|30px|0px|false|false&#8220; custom_css_main_element=&#8220;display: -webkit-box;|| display: -ms-flexbox;|| display: flex;|| -webkit-box-align: center;|| -ms-flex-align: center;|| align-items: center;|| -webkit-box-orient: horizontal;|| -webkit-box-direction: normal;|| -ms-flex-direction: row;|| flex-direction: row;|| -ms-flex-wrap: wrap;|| flex-wrap: wrap;&#8220; global_colors_info=&#8220;{}&#8220;][et_pb_column type=&#8220;4_4&#8243; _builder_version=&#8220;4.16&#8243; custom_padding=&#8220;|||&#8220; global_colors_info=&#8220;{}&#8220; custom_padding__hover=&#8220;|||&#8220;][et_pb_post_title meta=&#8220;off&#8220; featured_image=&#8220;off&#8220; _builder_version=&#8220;4.25.1&#8243; title_font=&#8220;Freeland||||||||&#8220; title_text_align=&#8220;center&#8220; title_text_color=&#8220;#ffffff&#8220; title_font_size=&#8220;80px&#8220; meta_font=&#8220;||||||||&#8220; custom_padding=&#8220;||||false|false&#8220; title_font_size_tablet=&#8220;60px&#8220; title_font_size_phone=&#8220;40px&#8220; title_font_size_last_edited=&#8220;on|phone&#8220; custom_css_post_title=&#8220;text-transform: none !important;||font-weight: normal !important;||margin: 0 auto 0 !important;||margin-bottom: 0 !important;||padding: 0 !important;&#8220; title_text_shadow_style=&#8220;preset1&#8243; title_text_shadow_horizontal_length=&#8220;5px&#8220; title_text_shadow_vertical_length=&#8220;0em&#8220; title_text_shadow_blur_strength=&#8220;2px&#8220; title_text_shadow_color=&#8220;rgba(0,0,0,0.15)&#8220; global_colors_info=&#8220;{}&#8220;][\/et_pb_post_title][\/et_pb_column][\/et_pb_row][\/et_pb_section][et_pb_section fb_built=&#8220;1&#8243; _builder_version=&#8220;4.24.3&#8243; custom_margin=&#8220;||0px&#8220; custom_padding=&#8220;||||false|false&#8220; global_colors_info=&#8220;{}&#8220;][et_pb_row _builder_version=&#8220;4.16&#8243; custom_margin=&#8220;||20px&#8220; custom_padding=&#8220;||0px|&#8220; global_colors_info=&#8220;{}&#8220;][et_pb_column type=&#8220;4_4&#8243; _builder_version=&#8220;4.16&#8243; custom_padding=&#8220;|||&#8220; global_colors_info=&#8220;{}&#8220; custom_padding__hover=&#8220;|||&#8220;][et_pb_text _builder_version=&#8220;4.24.2&#8243; text_font=&#8220;|600||on|||||&#8220; text_text_color=&#8220;#393835&#8243; text_font_size=&#8220;15px&#8220; text_letter_spacing=&#8220;3px&#8220; header_font=&#8220;|700|||||||&#8220; header_text_align=&#8220;center&#8220; header_2_font=&#8220;||||||||&#8220; header_2_font_size=&#8220;40px&#8220; header_2_letter_spacing=&#8220;0.2em&#8220; text_orientation=&#8220;center&#8220; custom_margin=&#8220;0px|0px|0em|0px&#8220; custom_padding=&#8220;0px|0px|0px|0px&#8220; header_2_font_size_tablet=&#8220;40px&#8220; header_2_font_size_phone=&#8220;35px&#8220; header_2_font_size_last_edited=&#8220;on|desktop&#8220; header_2_line_height_tablet=&#8220;1.1em&#8220; header_2_line_height_phone=&#8220;&#8220; header_2_line_height_last_edited=&#8220;on|desktop&#8220; global_colors_info=&#8220;{}&#8220;]<\/p>\n<h2 style=\"text-align: center;\">Warum wir diese Insel so lieben<\/h2>\n<p>&#8230; und wer eigentlich hinter dem Unternehmen <span class=\"islafont\">isla<\/span> steckt.<\/p>\n<p>[\/et_pb_text][\/et_pb_column][\/et_pb_row][et_pb_row column_structure=&#8220;1_3,1_3,1_3&#8243; _builder_version=&#8220;4.16&#8243; custom_margin=&#8220;||&#8220; custom_padding=&#8220;||50px&#8220; global_colors_info=&#8220;{}&#8220;][et_pb_column type=&#8220;1_3&#8243; _builder_version=&#8220;4.16&#8243; custom_padding=&#8220;|||&#8220; global_colors_info=&#8220;{}&#8220; custom_padding__hover=&#8220;|||&#8220;][et_pb_image src=&#8220;https:\/\/isla-travel.de\/wp-content\/uploads\/2024\/03\/niels-teichmann.jpg&#8220; alt=&#8220;Niels Teichmann &#8211; Mallorca-Experte&#8220; show_bottom_space=&#8220;off&#8220; force_fullwidth=&#8220;on&#8220; align_tablet=&#8220;center&#8220; align_phone=&#8220;&#8220; align_last_edited=&#8220;on|desktop&#8220; _builder_version=&#8220;4.24.2&#8243; custom_margin=&#8220;|0px||&#8220; custom_margin_tablet=&#8220;&#8220; custom_margin_phone=&#8220;&#8220; custom_margin_last_edited=&#8220;on|desktop&#8220; custom_padding=&#8220;0px|0px|0px|0px&#8220; custom_css_after=&#8220;||||&#8220; global_colors_info=&#8220;{}&#8220;][\/et_pb_image][et_pb_text _builder_version=&#8220;4.27.4&#8243; custom_padding=&#8220;0.5em||&#8220; hover_enabled=&#8220;0&#8243; global_colors_info=&#8220;{}&#8220; sticky_enabled=&#8220;0&#8243;]<\/p>\n<p>Niels-Holger Teichmann<\/p>\n<p>[\/et_pb_text][et_pb_text module_class=&#8220;dropcap&#8220; _builder_version=&#8220;4.25.0&#8243; hover_enabled=&#8220;0&#8243; global_colors_info=&#8220;{}&#8220; sticky_enabled=&#8220;0&#8243;]<\/p>\n<p>Als ich 1974 mit meinen Eltern und Geschwistern zum ersten Mal als Pauschaltourist nach Cala Rajada auf Mallorca reiste, h\u00e4tte ich nie gedacht, dass dieser Urlaub den Beginn einer lebenslangen Liebe zur Insel markieren w\u00fcrde. Unser erstes Zuhause war ein uriges Hotel, versteckt hinter einem dichten Pinienwald an der Cala Guya. Die Atmosph\u00e4re war einfach magisch \u2013 der salzige Duft des Mittelmeers, der durch die Luft wehte, und das sanfte Rauschen der Wellen, die an den Sandstrand rollten, haben sich tief in meine Erinnerungen eingegraben.<\/p>\n<p>[\/et_pb_text][\/et_pb_column][et_pb_column type=&#8220;1_3&#8243; _builder_version=&#8220;4.16&#8243; custom_padding=&#8220;|||&#8220; global_colors_info=&#8220;{}&#8220; custom_padding__hover=&#8220;|||&#8220;][et_pb_text _builder_version=&#8220;4.25.0&#8243; custom_margin=&#8220;|||&#8220; custom_margin_tablet=&#8220;|0px||0px&#8220; custom_margin_phone=&#8220;&#8220; custom_margin_last_edited=&#8220;on|phone&#8220; custom_padding=&#8220;0px|0px||&#8220; custom_padding_tablet=&#8220;10px||&#8220; custom_padding_phone=&#8220;&#8220; custom_padding_last_edited=&#8220;on|phone&#8220; global_colors_info=&#8220;{}&#8220;]In den darauffolgenden Jahren verbrachten meine Familie und ich weitere Sommerurlaube in Cala Rajada und Cala Millor, wobei sich meine Liebe zu Mallorca immer weiter vertiefte. Doch dann vergingen fast 20 Jahre, bevor ich im Jahr 1998 wieder einen Flug nach Mallorca buchte \u2013 dieses Mal f\u00fcr eine Woche zwischen Weihnachten und Neujahr, um auf einer Finca zu urlauben.<\/p>\n<p>Inzwischen war ich bereits seit 16 Jahren in der Touristikbranche t\u00e4tig, hatte mein eigenes Reiseunternehmen und ein Reiseb\u00fcro in L\u00fcneburg. Dadurch hatte ich das Gl\u00fcck, viele Teile der Welt zu bereisen. Dabei verlor ich (fast) meine Kindheits- und Jugendliebe Mallorca v\u00f6llig aus den Augen.<\/p>\n<p>Das \u00e4nderte sich, als ein Kunde regelm\u00e4\u00dfig Fl\u00fcge nach Mallorca \u00fcber unser Reiseb\u00fcro buchte und mir von seinem Finca-Bauprojekt nahe Santany\u00ed erz\u00e4hlte \u2013 hoch auf einem H\u00fcgel mit atemberaubendem Blick bis zum Meer. Er schlug vor, dass ich die Finca auch als Reiseveranstalter zur Vermietung anbieten k\u00f6nnte. Als er mir schlie\u00dflich die ersten Fotos vom fertigen Finca-Bau zeigte, war ich restlos begeistert. Es dauerte nicht lange, bis ich mich selbst davon \u00fcberzeugte und nur wenige Monate sp\u00e4ter meinen Silvesterurlaub auf der Insel verbrachte.[\/et_pb_text][\/et_pb_column][et_pb_column type=&#8220;1_3&#8243; _builder_version=&#8220;4.16&#8243; custom_padding=&#8220;|||&#8220; global_colors_info=&#8220;{}&#8220; custom_padding__hover=&#8220;|||&#8220;][et_pb_text _builder_version=&#8220;4.27.4&#8243; hover_enabled=&#8220;0&#8243; global_colors_info=&#8220;{}&#8220; sticky_enabled=&#8220;0&#8243;]Meine alte Liebe zu Mallorca wurde durch die Reise in die bezaubernde Finca und des damals noch beschaulichen Ortes Santanyi neu entfacht. Der S\u00fcdosten von Mallorca bietet zahlreiche luxuri\u00f6se Attraktionen und ist ideal f\u00fcr entspannende sowie aktive Urlaube. Seitdem bin ich regelm\u00e4\u00dfig jedes Jahr auf die Insel zur\u00fcckgekehrt. Im Jahr 2007 legte ich den Grundstein f\u00fcr das heutige <span class=\"islaflont\">isla<\/span> Travel, indem ich ein Haus in Es Llombards langfristig gemietet habe und begann, als Reiseveranstalter f\u00fcr Firmenveranstaltungen, Events &#038; Incentives sowie f\u00fcr die Vermittlung von Fincas t\u00e4tig zu werden.<\/p>\n<p>Bis 2018 pendelte ich regelm\u00e4\u00dfig zwischen Deutschland und Mallorca, sowohl privat als auch beruflich. Dann traf ich die endg\u00fcltige Entscheidung, ganz auf die Insel zu ziehen. Heute lebe ich mit meiner Frau und unserer Tochter in Cala Figuera und wir genie\u00dfen jeden Tag in unserem Paradies!<\/p>\n<p>Wir freuen uns, dass Sie hier sind und w\u00fcnschen Ihnen viel Freude beim St\u00f6bern auf unserem Portal! Mallorca hat f\u00fcr alle Geschm\u00e4cker und Altersgruppen etwas zu bieten, sodass jeder Besucher auf seine Kosten kommt.<\/p>\n<p>Ihr Niels-Holger Teichmann[\/et_pb_text][\/et_pb_column][\/et_pb_row][\/et_pb_section]<\/p>\n","protected":false},"excerpt":{"rendered":"<p>Niels Teichmann, fondatore di isla Travel, ci spiega perch\u00e9 amiamo cos\u00ec tanto quest'isola e chi c'\u00e8 dietro la nostra azienda di Maiorca.<\/p>","protected":false},"author":1,"featured_media":0,"parent":0,"menu_order":0,"comment_status":"closed","ping_status":"closed","template":"","meta":{"_acf_changed":false,"_et_pb_use_builder":"on","_et_pb_old_content":"","_et_gb_content_width":"","footnotes":""},"dipi_cpt_category":[],"class_list":["post-1458","page","type-page","status-publish","hentry"],"acf":[],"_links":{"self":[{"href":"https:\/\/isla-travel.de\/it\/wp-json\/wp\/v2\/pages\/1458","targetHints":{"allow":["GET"]}}],"collection":[{"href":"https:\/\/isla-travel.de\/it\/wp-json\/wp\/v2\/pages"}],"about":[{"href":"https:\/\/isla-travel.de\/it\/wp-json\/wp\/v2\/types\/page"}],"author":[{"embeddable":true,"href":"https:\/\/isla-travel.de\/it\/wp-json\/wp\/v2\/users\/1"}],"replies":[{"embeddable":true,"href":"https:\/\/isla-travel.de\/it\/wp-json\/wp\/v2\/comments?post=1458"}],"version-history":[{"count":30,"href":"https:\/\/isla-travel.de\/it\/wp-json\/wp\/v2\/pages\/1458\/revisions"}],"predecessor-version":[{"id":25979233,"href":"https:\/\/isla-travel.de\/it\/wp-json\/wp\/v2\/pages\/1458\/revisions\/25979233"}],"wp:attachment":[{"href":"https:\/\/isla-travel.de\/it\/wp-json\/wp\/v2\/media?parent=1458"}],"wp:term":[{"taxonomy":"dipi_cpt_category","embeddable":true,"href":"https:\/\/isla-travel.de\/it\/wp-json\/wp\/v2\/dipi_cpt_category?post=1458"}],"curies":[{"name":"wp","href":"https:\/\/api.w.org\/{rel}","templated":true}]}}