{"id":110,"date":"2018-09-13T09:47:23","date_gmt":"2018-09-13T07:47:23","guid":{"rendered":"https:\/\/isla-travel.de\/?page_id=110"},"modified":"2024-09-17T17:43:40","modified_gmt":"2024-09-17T15:43:40","slug":"%d0%be%d1%82%d0%bf%d0%b5%d1%87%d0%b0%d1%82%d0%be%d0%ba","status":"publish","type":"page","link":"https:\/\/isla-travel.de\/ru\/impressum\/","title":{"rendered":"\u041e\u0442\u0442\u0438\u0441\u043a"},"content":{"rendered":"<p>\u041e\u0442\u0432\u0435\u0442\u0441\u0442\u0432\u0435\u043d\u043d\u043e\u0441\u0442\u044c \u0437\u0430 \u0441\u043e\u0434\u0435\u0440\u0436\u0430\u043d\u0438\u0435 \u0434\u043e\u043c\u0435\u043d\u043e\u0432 isla-travel.de \u0438 my.isla-travel.de \u043d\u0435\u0441\u0443\u0442<\/p>\n<p><strong>\u0418\u0421\u041b\u0410 \u041f\u0410\u0421\u0421\u0418\u0423<\/strong><br \/>\n<span class=\"islafont\">\u043e\u0441\u0442\u0440\u043e\u0432<\/span> <b>\u0416\u0423\u0420\u041d\u0410\u041b | \u041f\u0423\u0422\u0415\u0428\u0415\u0421\u0422\u0412\u0418\u042f | \u0421\u041e\u0411\u042b\u0422\u0418\u042f<\/b><br \/>\n\u041d\u0438\u043b\u044c\u0441-\u0425\u043e\u043b\u044c\u0433\u0435\u0440 \u0422\u0430\u0439\u0445\u043c\u0430\u043d\u043d<br \/>\n\u041a\u0430\u0440\u0440\u0435\u0440 \u043b\u0430 \u041c\u0430\u0440\u0438\u043d\u0430 29<br \/>\n07659 \u041a\u0430\u043b\u0430 \u0424\u0438\u0433\u0443\u0435\u0440\u0430<br \/>\n\u0411\u0430\u043b\u0435\u0430\u0440\u0441\u043a\u0438\u0435 \u043e\u0441\u0442\u0440\u043e\u0432\u0430<br \/>\n\u0418\u0441\u043f\u0430\u043d\u0438\u044f<\/p>\n<p>\u0418\u0434\u0435\u043d\u0442\u0438\u0444\u0438\u043a\u0430\u0446\u0438\u043e\u043d\u043d\u044b\u0439 \u043d\u043e\u043c\u0435\u0440 \u041d\u0414\u0421 ESX9124865Y<\/p>\n<p>\u0422\u0435\u043b\u0435\u0444\u043e\u043d DE: +49 (0)151 194 794 80<br \/>\n\u0422\u0435\u043b. ES: +34 680 265 785<br \/>\n\u041f\u043e\u0447\u0442\u0430: hello@isla-travel.de<\/p>\n<p style=\"text-align: left;\">\u0420\u0435\u0434\u0430\u043a\u0446\u0438\u044f<br \/>\n\u0421\u0430\u0441\u043a\u0438\u044f \u0422\u0430\u0439\u0445\u043c\u0430\u043d\u043d (st) \u0438 \u041d\u0438\u043b\u044c\u0441-\u0425\u043e\u043b\u044c\u0433\u0435\u0440 \u0422\u0430\u0439\u0445\u043c\u0430\u043d\u043d (nt)<\/p>\n<p>\u0422\u0435\u043b. ES: +34 601 908 159<br \/>\n\u041f\u043e\u0447\u0442\u0430: redaktion@isla-travel.de<\/p>\n<h2>\u041a\u043e\u043d\u0446\u0435\u043f\u0446\u0438\u044f \u0438 \u0434\u0438\u0437\u0430\u0439\u043d 2017<\/h2>\n<p><a href=\"https:\/\/pahlcc.de\" target=\"_blank\" rel=\"noopener noreferrer\">\u041c\u0430\u0440\u0442\u0438\u043d \u041f\u0430\u043b \/\/ PahlCC<\/a><\/p>\n<h2>\u041f\u0440\u043e\u0433\u0440\u0430\u043c\u043c\u0438\u0440\u043e\u0432\u0430\u043d\u0438\u0435 (2017) \u0438 \u0432\u0435\u0431-\u0434\u0438\u0437\u0430\u0439\u043d \u0438 \u043a\u043e\u043d\u0446\u0435\u043f\u0446\u0438\u044f (\u0441 2023)<\/h2>\n<p><a href=\"https:\/\/www.saskialund.de\" target=\"_blank\" rel=\"noopener noreferrer\">\u0421\u0430\u0441\u043a\u0438\u044f \u0422\u0430\u0439\u0445\u043c\u0430\u043d\u043d \/\/ <span class=\"islafont\">\u043e\u0441\u0442\u0440\u043e\u0432<\/span> <b>\u0421\u0422\u0423\u0414\u0418\u042f<\/b><\/a><\/p>\n<h2>\u0417\u0430\u0447\u0435\u0442\u043d\u044b\u0435 \u0444\u043e\u0442\u043e\u0433\u0440\u0430\u0444\u0438\u0438<\/h2>\n<p>\u041d\u0438\u043b\u044c\u0441-\u0425\u043e\u043b\u044c\u0433\u0435\u0440 \u0422\u0430\u0439\u0445\u043c\u0430\u043d\u043d<br \/>\n\u0413\u0443\u043d\u043d\u0430\u0440 \u041a\u043d\u0435\u0445\u0442\u0435\u043b\u044c<br \/>\nLunamarina<br \/>\nDamocean<br \/>\n\u041a\u0435\u043b\u043b\u0438 \u0414\u0436\u0438\u043d<br \/>\n\u041c\u0430\u0440\u0438\u0441\u0430 \u041c\u043e\u0440\u0442\u043e\u043d<br \/>\n\u042d\u0432\u0435\u043b\u0438\u043d\u0430 \u0424\u0440\u0438\u043c\u0430\u043d<br \/>\n\u041c\u0430\u0440\u043a \u0411\u0430\u0431\u0438\u043d<\/p>\n<h2>\u0418\u043d\u0444\u043e\u0440\u043c\u0430\u0446\u0438\u044f \u043e\u0431 \u0430\u0443\u0434\u0438\u043e\u0432\u0438\u0437\u0443\u0430\u043b\u044c\u043d\u044b\u0445 \u043c\u0435\u0434\u0438\u0430\u0443\u0441\u043b\u0443\u0433\u0430\u0445<\/h2>\n<p>\u0421\u0442\u0440\u0430\u043d\u0430 \u043f\u0440\u043e\u0436\u0438\u0432\u0430\u043d\u0438\u044f: \u0418\u0441\u043f\u0430\u043d\u0438\u044f<br \/>\n\u0420\u0435\u0433\u0443\u043b\u0438\u0440\u0443\u044e\u0449\u0438\u0439 \u0438 \u043d\u0430\u0434\u0437\u043e\u0440\u043d\u044b\u0439 \u043e\u0440\u0433\u0430\u043d:\u041d\u0430\u0446\u0438\u043e\u043d\u0430\u043b\u044c\u043d\u044b\u0439 \u043a\u043e\u043c\u0438\u0442\u0435\u0442 \u043f\u043e \u0442\u043e\u0440\u0433\u043e\u0432\u043b\u0435 \u0438 \u043a\u043e\u043d\u043a\u0443\u0440\u0435\u043d\u0446\u0438\u0438<\/p>\n<h2>\u0420\u0430\u0437\u0440\u0435\u0448\u0435\u043d\u0438\u0435 \u0441\u043f\u043e\u0440\u043e\u0432 \u0432 \u0415\u0421<\/h2>\n<p>\u0415\u0432\u0440\u043e\u043f\u0435\u0439\u0441\u043a\u0430\u044f \u043a\u043e\u043c\u0438\u0441\u0441\u0438\u044f \u043f\u0440\u0435\u0434\u043e\u0441\u0442\u0430\u0432\u043b\u044f\u0435\u0442 \u043f\u043b\u0430\u0442\u0444\u043e\u0440\u043c\u0443 \u0434\u043b\u044f \u0440\u0430\u0437\u0440\u0435\u0448\u0435\u043d\u0438\u044f \u0441\u043f\u043e\u0440\u043e\u0432 \u0432 \u0440\u0435\u0436\u0438\u043c\u0435 \u043e\u043d\u043b\u0430\u0439\u043d (OS): <a href=\"https:\/\/ec.europa.eu\/consumers\/odr\/.\" target=\"_blank\" rel=\"noopener\">https:\/\/ec.europa.eu\/consumers\/odr\/<\/a><\/p>\n<h2>\u041e\u0442\u043a\u0430\u0437 \u043e\u0442 \u043e\u0442\u0432\u0435\u0442\u0441\u0442\u0432\u0435\u043d\u043d\u043e\u0441\u0442\u0438<\/h2>\n<p>\u041c\u044b \u043d\u0435\u0441\u0435\u043c \u043e\u0442\u0432\u0435\u0442\u0441\u0442\u0432\u0435\u043d\u043d\u043e\u0441\u0442\u044c \u0437\u0430 \u0441\u043e\u0434\u0435\u0440\u0436\u0430\u043d\u0438\u0435 \u043d\u0430\u0448\u0435\u0433\u043e \u0441\u0430\u0439\u0442\u0430 \u0432 \u0441\u043e\u043e\u0442\u0432\u0435\u0442\u0441\u0442\u0432\u0438\u0438 \u0441 \u043f\u043e\u043b\u043e\u0436\u0435\u043d\u0438\u044f\u043c\u0438 \u043e\u0431\u0449\u0435\u0433\u043e \u0437\u0430\u043a\u043e\u043d\u043e\u0434\u0430\u0442\u0435\u043b\u044c\u0441\u0442\u0432\u0430, \u0432 \u0447\u0430\u0441\u0442\u043d\u043e\u0441\u0442\u0438 \u00a7 7 (1) \u0417\u0430\u043a\u043e\u043d\u0430 \u043e \u0442\u0435\u043b\u0435\u043c\u0435\u0434\u0438\u0430. \u0412\u0441\u0435 \u0441\u043e\u0434\u0435\u0440\u0436\u0438\u043c\u043e\u0435 \u0441\u043e\u0437\u0434\u0430\u043d\u043e \u0441 \u0434\u043e\u043b\u0436\u043d\u043e\u0439 \u0442\u0449\u0430\u0442\u0435\u043b\u044c\u043d\u043e\u0441\u0442\u044c\u044e \u0438 \u0432 \u0441\u043e\u043e\u0442\u0432\u0435\u0442\u0441\u0442\u0432\u0438\u0438 \u0441 \u043d\u0430\u0448\u0438\u043c\u0438 \u0437\u043d\u0430\u043d\u0438\u044f\u043c\u0438. \u0415\u0441\u043b\u0438 \u043d\u0430 \u043d\u0430\u0448\u0438\u0445 \u0438\u043d\u0442\u0435\u0440\u043d\u0435\u0442-\u0441\u0442\u0440\u0430\u043d\u0438\u0446\u0430\u0445 \u043c\u044b \u0441\u0441\u044b\u043b\u0430\u0435\u043c\u0441\u044f \u043d\u0430 \u0441\u0430\u0439\u0442\u044b \u0442\u0440\u0435\u0442\u044c\u0438\u0445 \u043b\u0438\u0446 \u0441 \u043f\u043e\u043c\u043e\u0449\u044c\u044e \u0433\u0438\u043f\u0435\u0440\u0441\u0441\u044b\u043b\u043e\u043a, \u043c\u044b \u043d\u0435 \u043d\u0435\u0441\u0435\u043c \u043e\u0442\u0432\u0435\u0442\u0441\u0442\u0432\u0435\u043d\u043d\u043e\u0441\u0442\u0438 \u0437\u0430 \u0430\u043a\u0442\u0443\u0430\u043b\u044c\u043d\u043e\u0441\u0442\u044c, \u043f\u0440\u0430\u0432\u0438\u043b\u044c\u043d\u043e\u0441\u0442\u044c \u0438 \u043f\u043e\u043b\u043d\u043e\u0442\u0443 \u0441\u043e\u0434\u0435\u0440\u0436\u0430\u043d\u0438\u044f \u0441\u0441\u044b\u043b\u043e\u043a, \u043f\u043e\u0441\u043a\u043e\u043b\u044c\u043a\u0443 \u044d\u0442\u043e \u0441\u043e\u0434\u0435\u0440\u0436\u0430\u043d\u0438\u0435 \u043d\u0430\u0445\u043e\u0434\u0438\u0442\u0441\u044f \u0432\u043d\u0435 \u0437\u043e\u043d\u044b \u043d\u0430\u0448\u0435\u0439 \u043e\u0442\u0432\u0435\u0442\u0441\u0442\u0432\u0435\u043d\u043d\u043e\u0441\u0442\u0438 \u0438 \u043c\u044b \u043d\u0435 \u043c\u043e\u0436\u0435\u043c \u0432\u043b\u0438\u044f\u0442\u044c \u043d\u0430 \u0435\u0433\u043e \u0434\u0430\u043b\u044c\u043d\u0435\u0439\u0448\u0435\u0435 \u043e\u0444\u043e\u0440\u043c\u043b\u0435\u043d\u0438\u0435. \u0415\u0441\u043b\u0438 \u0432\u044b \u0441\u0447\u0438\u0442\u0430\u0435\u0442\u0435, \u0447\u0442\u043e \u043a\u0430\u043a\u043e\u0439-\u043b\u0438\u0431\u043e \u043a\u043e\u043d\u0442\u0435\u043d\u0442 \u043d\u0430\u0440\u0443\u0448\u0430\u0435\u0442 \u0434\u0435\u0439\u0441\u0442\u0432\u0443\u044e\u0449\u0435\u0435 \u0437\u0430\u043a\u043e\u043d\u043e\u0434\u0430\u0442\u0435\u043b\u044c\u0441\u0442\u0432\u043e \u0438\u043b\u0438 \u044f\u0432\u043b\u044f\u0435\u0442\u0441\u044f \u043d\u0435\u0443\u043c\u0435\u0441\u0442\u043d\u044b\u043c, \u043f\u043e\u0436\u0430\u043b\u0443\u0439\u0441\u0442\u0430, \u0441\u043e\u043e\u0431\u0449\u0438\u0442\u0435 \u043d\u0430\u043c \u043e\u0431 \u044d\u0442\u043e\u043c.<br \/>\n\u041f\u0440\u0430\u0432\u043e\u0432\u0430\u044f \u0438\u043d\u0444\u043e\u0440\u043c\u0430\u0446\u0438\u044f \u043d\u0430 \u044d\u0442\u043e\u0439 \u0441\u0442\u0440\u0430\u043d\u0438\u0446\u0435, \u0430 \u0442\u0430\u043a\u0436\u0435 \u0432\u0441\u0435 \u0432\u043e\u043f\u0440\u043e\u0441\u044b \u0438 \u0441\u043f\u043e\u0440\u044b, \u0441\u0432\u044f\u0437\u0430\u043d\u043d\u044b\u0435 \u0441 \u043e\u0444\u043e\u0440\u043c\u043b\u0435\u043d\u0438\u0435\u043c \u0434\u0430\u043d\u043d\u043e\u0433\u043e \u0441\u0430\u0439\u0442\u0430, \u0440\u0435\u0433\u0443\u043b\u0438\u0440\u0443\u044e\u0442\u0441\u044f \u0438\u0441\u043f\u0430\u043d\u0441\u043a\u0438\u043c \u0437\u0430\u043a\u043e\u043d\u043e\u0434\u0430\u0442\u0435\u043b\u044c\u0441\u0442\u0432\u043e\u043c.<\/p>\n<h2>\u0423\u0432\u0435\u0434\u043e\u043c\u043b\u0435\u043d\u0438\u0435 \u043e\u0431 \u0430\u0432\u0442\u043e\u0440\u0441\u043a\u0438\u0445 \u043f\u0440\u0430\u0432\u0430\u0445<\/h2>\n<p>\u0422\u0435\u043a\u0441\u0442\u044b, \u0438\u0437\u043e\u0431\u0440\u0430\u0436\u0435\u043d\u0438\u044f, \u0444\u043e\u0442\u043e\u0433\u0440\u0430\u0444\u0438\u0438, \u0432\u0438\u0434\u0435\u043e \u0438\u043b\u0438 \u0433\u0440\u0430\u0444\u0438\u043a\u0430 \u043d\u0430 \u043d\u0430\u0448\u0435\u043c \u0441\u0430\u0439\u0442\u0435, \u043a\u0430\u043a \u043f\u0440\u0430\u0432\u0438\u043b\u043e, \u0437\u0430\u0449\u0438\u0449\u0435\u043d\u044b \u0430\u0432\u0442\u043e\u0440\u0441\u043a\u0438\u043c \u043f\u0440\u0430\u0432\u043e\u043c. \u041f\u043e\u044d\u0442\u043e\u043c\u0443 \u043b\u044e\u0431\u043e\u0435 \u043d\u0435\u0441\u0430\u043d\u043a\u0446\u0438\u043e\u043d\u0438\u0440\u043e\u0432\u0430\u043d\u043d\u043e\u0435 \u0438\u0441\u043f\u043e\u043b\u044c\u0437\u043e\u0432\u0430\u043d\u0438\u0435 (\u0432 \u0447\u0430\u0441\u0442\u043d\u043e\u0441\u0442\u0438, \u0432\u043e\u0441\u043f\u0440\u043e\u0438\u0437\u0432\u0435\u0434\u0435\u043d\u0438\u0435, \u0440\u0435\u0434\u0430\u043a\u0442\u0438\u0440\u043e\u0432\u0430\u043d\u0438\u0435 \u0438\u043b\u0438 \u0440\u0430\u0441\u043f\u0440\u043e\u0441\u0442\u0440\u0430\u043d\u0435\u043d\u0438\u0435) \u044d\u0442\u0438\u0445 \u043c\u0430\u0442\u0435\u0440\u0438\u0430\u043b\u043e\u0432, \u0437\u0430\u0449\u0438\u0449\u0435\u043d\u043d\u044b\u0445 \u0430\u0432\u0442\u043e\u0440\u0441\u043a\u0438\u043c \u043f\u0440\u0430\u0432\u043e\u043c, \u0437\u0430\u043f\u0440\u0435\u0449\u0435\u043d\u043e. \u0415\u0441\u043b\u0438 \u0432\u044b \u0441\u043e\u0431\u0438\u0440\u0430\u0435\u0442\u0435\u0441\u044c \u0438\u0441\u043f\u043e\u043b\u044c\u0437\u043e\u0432\u0430\u0442\u044c \u044d\u0442\u0438 \u043c\u0430\u0442\u0435\u0440\u0438\u0430\u043b\u044b \u0438\u043b\u0438 \u0438\u0445 \u0447\u0430\u0441\u0442\u0438, \u043f\u043e\u0436\u0430\u043b\u0443\u0439\u0441\u0442\u0430, \u0441\u0432\u044f\u0436\u0438\u0442\u0435\u0441\u044c \u0441 \u043d\u0430\u043c\u0438 \u0437\u0430\u0440\u0430\u043d\u0435\u0435, \u0438\u0441\u043f\u043e\u043b\u044c\u0437\u0443\u044f \u0432\u044b\u0448\u0435\u0443\u043a\u0430\u0437\u0430\u043d\u043d\u0443\u044e \u0438\u043d\u0444\u043e\u0440\u043c\u0430\u0446\u0438\u044e. \u0415\u0441\u043b\u0438 \u043c\u044b \u0441\u0430\u043c\u0438 \u043d\u0435 \u044f\u0432\u043b\u044f\u0435\u043c\u0441\u044f \u0432\u043b\u0430\u0434\u0435\u043b\u044c\u0446\u0435\u043c \u0442\u0440\u0435\u0431\u0443\u0435\u043c\u044b\u0445 \u043f\u0440\u0430\u0432 \u043d\u0430 \u0438\u0441\u043f\u043e\u043b\u044c\u0437\u043e\u0432\u0430\u043d\u0438\u0435 \u0430\u0432\u0442\u043e\u0440\u0441\u043a\u0438\u0445 \u043f\u0440\u0430\u0432, \u043c\u044b \u043f\u043e\u0441\u0442\u0430\u0440\u0430\u0435\u043c\u0441\u044f \u043e\u0440\u0433\u0430\u043d\u0438\u0437\u043e\u0432\u0430\u0442\u044c \u043a\u043e\u043d\u0442\u0430\u043a\u0442 \u0441 \u0443\u043f\u043e\u043b\u043d\u043e\u043c\u043e\u0447\u0435\u043d\u043d\u043e\u0439 \u0441\u0442\u043e\u0440\u043e\u043d\u043e\u0439.<\/p>\n<h2>\u041f\u0440\u043e\u0444\u0438\u043b\u0438 \u0441\u043e\u0446\u0438\u0430\u043b\u044c\u043d\u044b\u0445 \u0441\u0435\u0442\u0435\u0439<\/h2>\n<p>\u0414\u0430\u043d\u043d\u043e\u0435 \u0443\u0432\u0435\u0434\u043e\u043c\u043b\u0435\u043d\u0438\u0435 \u0442\u0430\u043a\u0436\u0435 \u0440\u0430\u0441\u043f\u0440\u043e\u0441\u0442\u0440\u0430\u043d\u044f\u0435\u0442\u0441\u044f \u043d\u0430 \u0441\u043b\u0435\u0434\u0443\u044e\u0449\u0438\u0435 \u043f\u0440\u043e\u0444\u0438\u043b\u0438 \u0441\u043e\u0446\u0438\u0430\u043b\u044c\u043d\u044b\u0445 \u0441\u0435\u0442\u0435\u0439:<br \/>\nInstagram: https:\/\/www.instagram.com\/isla_magazin_mallorca\/<br \/>\nFacebook: https:\/\/www.facebook.com\/islaeventmagazinmallorca\/<br \/>\nPinterest: https:\/\/www.pinterest.de\/isla_travel_mallorca\/<\/p>","protected":false},"excerpt":{"rendered":"<p>Verantwortlich f\u00fcr die Inhalte unter den Domains isla-travel.de und my.isla-travel.de ist ISLA PASSI\u00d3 isla MAGAZIN | TRAVEL | EVENTS Niels-Holger Teichmann Carrer la Marina 29 07659 Cala Figuera Balearen Spanien USt.Id.Nr. ESX9124865Y Tel. DE: +49 (0)151 194 794 80 Tel. ES: +34 680 265 785 Mail: hello@isla-travel.de Redaktion Saskia Teichmann (st) &amp; Niels-Holger Teichmann (nt) [&hellip;]<\/p>\n","protected":false},"author":1,"featured_media":0,"parent":0,"menu_order":0,"comment_status":"closed","ping_status":"closed","template":"","meta":{"_acf_changed":false,"_et_pb_use_builder":"off","_et_pb_old_content":"Verantwortlich f\u00fcr die Inhalte unter den Domains isla-travel.de und my.isla-travel.de ist\r\n\r\nisla Group GmbH\r\nMarcus-Heinemann-Str. 34\r\n21337 L\u00fcneburg\r\n\r\nTel: (04131) 2201150\r\nMail: hello@isla-travel.de\r\n\r\nUmsatzsteuer-Ident-Nummer:\r\nDE312564916\r\n\r\nRegistergericht: AG L\u00fcneburg\r\nRegisternummer: HRB 206909\r\n\r\nGesch\u00e4ftsf\u00fchrer\r\nHerr Niels-Holger Teichmann\r\n\r\nVerantwortliche f\u00fcr journalistisch-redaktionelle gestaltete Inhalte:\r\nFrau Dorothee Teichmann\r\nMarcus-Heinemann-Str. 34\r\n21337 L\u00fcneburg\r\nMail: doro@isla-travel.de\r\n\r\n<h2>Konzept & Design<\/h2>\r\n<a href=\"https:\/\/pahlcc.de\" target=\"_blank\">Martin Pahl \/\/ PahlCC\r\n<\/a>\r\n\r\n<h2>Programmierung & Webdesign<\/h2>\r\n<a href=\"https:\/\/www.saskialund.de\" target=\"_blank\">Saskia Lund \/\/ lund | wordpress studio<\/a>\r\n\r\n<h2>Bildnachweis<\/h2>\r\nisla Group GmbH\r\nDorothee Teichmann\r\nNiels Teichmann\r\nPhoto by\u00a0Kelly Jean\u00a0on\u00a0Unsplash\r\nPhoto by\u00a0Marisa Morton\u00a0on\u00a0Unsplash\r\nPhoto by\u00a0Evelina Friman\u00a0on\u00a0Unsplash\r\nPhoto by\u00a0Marc Babin\u00a0on\u00a0Unsplash\r\n\r\n<h2>Rechtliche Hinweise<\/h2>\r\nDie isla Group GmbH pr\u00fcft und aktualisiert die Informationen auf diesen Webseiten st\u00e4ndig. Trotz aller Sorgfalt k\u00f6nnen sich die Daten inzwischen ver\u00e4ndert haben. Eine Haftung oder Garantie f\u00fcr die Aktualit\u00e4t, Richtigkeit und Vollst\u00e4ndigkeit der zur Verf\u00fcgung gestellten Informationen kann daher nicht \u00fcbernommen werden. Gleiches gilt auch f\u00fcr alle anderen Webseiten, auf die mittels Hyperlink verwiesen wird. Die isla Group GmbH ist f\u00fcr den Inhalt der Webseiten, die aufgrund einer solchen Verbindung erreicht werden, nicht verantwortlich. Desweiteren beh\u00e4lt sich die isla Group GmbH das Recht vor, \u00c4nderungen oder Erg\u00e4nzungen der bereitgestellten Informationen vorzunehmen. Inhalt und Struktur der isla Group GmbH Webseiten sind urheberrechtlich gesch\u00fctzt. Die Vervielf\u00e4ltigung von Informationen oder Daten, insbesondere die Verwendung von Texten, Textteilen oder Bildmaterial, bedarf der vorherigen Zustimmung der isla Group GmbH.","_et_gb_content_width":"","footnotes":""},"dipi_cpt_category":[347],"class_list":["post-110","page","type-page","status-publish","hentry","dipi_cpt_category-sp"],"acf":[],"_links":{"self":[{"href":"https:\/\/isla-travel.de\/ru\/wp-json\/wp\/v2\/pages\/110","targetHints":{"allow":["GET"]}}],"collection":[{"href":"https:\/\/isla-travel.de\/ru\/wp-json\/wp\/v2\/pages"}],"about":[{"href":"https:\/\/isla-travel.de\/ru\/wp-json\/wp\/v2\/types\/page"}],"author":[{"embeddable":true,"href":"https:\/\/isla-travel.de\/ru\/wp-json\/wp\/v2\/users\/1"}],"replies":[{"embeddable":true,"href":"https:\/\/isla-travel.de\/ru\/wp-json\/wp\/v2\/comments?post=110"}],"version-history":[{"count":15,"href":"https:\/\/isla-travel.de\/ru\/wp-json\/wp\/v2\/pages\/110\/revisions"}],"predecessor-version":[{"id":25973971,"href":"https:\/\/isla-travel.de\/ru\/wp-json\/wp\/v2\/pages\/110\/revisions\/25973971"}],"wp:attachment":[{"href":"https:\/\/isla-travel.de\/ru\/wp-json\/wp\/v2\/media?parent=110"}],"wp:term":[{"taxonomy":"dipi_cpt_category","embeddable":true,"href":"https:\/\/isla-travel.de\/ru\/wp-json\/wp\/v2\/dipi_cpt_category?post=110"}],"curies":[{"name":"wp","href":"https:\/\/api.w.org\/{rel}","templated":true}]}}