{"id":110,"date":"2018-09-13T09:47:23","date_gmt":"2018-09-13T07:47:23","guid":{"rendered":"https:\/\/isla-travel.de\/?page_id=110"},"modified":"2024-09-17T17:43:40","modified_gmt":"2024-09-17T15:43:40","slug":"avtryck","status":"publish","type":"page","link":"https:\/\/isla-travel.de\/sv\/impressum\/","title":{"rendered":"Avtryck"},"content":{"rendered":"<p>Ansvarig f\u00f6r inneh\u00e5llet under dom\u00e4nerna isla-travel.de och my.isla-travel.de \u00e4r<\/p>\n<p><strong>ISLA PASSI\u00d3<\/strong><br \/>\n<span class=\"islafont\">isla<\/span> <b>MAGASIN | RESOR | EVENEMANG<\/b><br \/>\nNiels-Holger Teichmann<br \/>\nCarrer la Marina 29<br \/>\n07659 Cala Figuera<br \/>\nBaleariska \u00f6arna<br \/>\nSpanien<\/p>\n<p>Momsregistreringsnummer ESX9124865Y<\/p>\n<p>Telefon DE: +49 (0)151 194 794 80<br \/>\nTfn ES: +34 680 265 785<br \/>\nE-post: hello@isla-travel.de<\/p>\n<p style=\"text-align: left;\">Redaktionen<br \/>\nSaskia Teichmann (st) &amp; Niels-Holger Teichmann (nt)<\/p>\n<p>Tfn ES: +34 601 908 159<br \/>\nE-post: redaktion@isla-travel.de<\/p>\n<h2>Koncept &amp; design 2017<\/h2>\n<p><a href=\"https:\/\/pahlcc.de\" target=\"_blank\" rel=\"noopener noreferrer\">Martin Pahl \/\/ PahlCC<\/a><\/p>\n<h2>Programmering (2017) &amp; webbdesign och koncept (fr\u00e5n 2023)<\/h2>\n<p><a href=\"https:\/\/www.saskialund.de\" target=\"_blank\" rel=\"noopener noreferrer\">Saskia Teichmann \/\/ <span class=\"islafont\">isla<\/span> <b>STUDIO<\/b><\/a><\/p>\n<h2>Bildkreditering<\/h2>\n<p>Niels-Holger Teichmann<br \/>\nGunnar Knechtel<br \/>\nLunamarina<br \/>\nDamocean<br \/>\nKelly Jean<br \/>\nMarisa Morton<br \/>\nEvelina Friman<br \/>\nMarc Babin<\/p>\n<h2>Information om audiovisuella medietj\u00e4nster<\/h2>\n<p>Hemvistland: Spanien<br \/>\nReglerings- och tillsynsmyndighet:Comisi\u00f3n Nacional de los Mercados y la competencia<\/p>\n<h2>EU:s tvistl\u00f6sning<\/h2>\n<p>Europeiska kommissionen tillhandah\u00e5ller en plattform f\u00f6r tvistl\u00f6sning online (OS): <a href=\"https:\/\/ec.europa.eu\/consumers\/odr\/.\" target=\"_blank\" rel=\"noopener\">https:\/\/ec.europa.eu\/consumers\/odr\/<\/a><\/p>\n<h2>Ansvarsfriskrivning<\/h2>\n<p>Vi \u00e4r ansvariga f\u00f6r inneh\u00e5llet p\u00e5 v\u00e5r webbplats i enlighet med best\u00e4mmelserna i allm\u00e4n lag, s\u00e4rskilt \u00a7 7.1 i den tyska telemedielagen. Allt inneh\u00e5ll skapas med vederb\u00f6rlig omsorg och efter b\u00e4sta f\u00f6rm\u00e5ga. I den m\u00e5n vi p\u00e5 v\u00e5ra webbsidor h\u00e4nvisar till tredje parts webbplatser med hj\u00e4lp av hyperl\u00e4nkar, kan vi inte ta n\u00e5got ansvar f\u00f6r det l\u00e4nkade inneh\u00e5llets fortsatta aktualitet, riktighet och fullst\u00e4ndighet, eftersom detta inneh\u00e5ll ligger utanf\u00f6r v\u00e5rt ansvarsomr\u00e5de och vi inte har n\u00e5got inflytande p\u00e5 dess framtida utformning. Om du anser att n\u00e5got inneh\u00e5ll strider mot g\u00e4llande lag eller \u00e4r ol\u00e4mpligt, v\u00e4nligen meddela oss detta.<br \/>\nDen juridiska informationen p\u00e5 denna sida samt alla fr\u00e5gor och tvister i samband med utformningen av denna webbplats omfattas av spansk lag.<\/p>\n<h2>Meddelande om upphovsr\u00e4tt<\/h2>\n<p>Texter, bilder, foton, videor och grafik p\u00e5 v\u00e5r webbplats \u00e4r i allm\u00e4nhet upphovsr\u00e4ttsligt skyddade. All obeh\u00f6rig anv\u00e4ndning (i synnerhet reproduktion, redigering eller distribution) av detta upphovsr\u00e4ttsligt skyddade inneh\u00e5ll \u00e4r d\u00e4rf\u00f6r f\u00f6rbjuden. Om du avser att anv\u00e4nda detta inneh\u00e5ll eller delar d\u00e4rav, v\u00e4nligen kontakta oss i f\u00f6rv\u00e4g med hj\u00e4lp av uppgifterna ovan. Om vi inte sj\u00e4lva \u00e4r \u00e4gare till de upphovsr\u00e4ttsliga anv\u00e4ndningsr\u00e4ttigheter som kr\u00e4vs, kommer vi att f\u00f6rs\u00f6ka ordna kontakt med den beh\u00f6riga parten.<\/p>\n<h2>Profiler i sociala medier<\/h2>\n<p>Detta juridiska meddelande g\u00e4ller \u00e4ven f\u00f6r f\u00f6ljande profiler p\u00e5 sociala medier:<br \/>\nInstagram: https:\/\/www.instagram.com\/isla_magazin_mallorca\/<br \/>\nFacebook: https:\/\/www.facebook.com\/islaeventmagazinmallorca\/<br \/>\nPinterest: https:\/\/www.pinterest.de\/isla_travel_mallorca\/<\/p>","protected":false},"excerpt":{"rendered":"<p>Verantwortlich f\u00fcr die Inhalte unter den Domains isla-travel.de und my.isla-travel.de ist ISLA PASSI\u00d3 isla MAGAZIN | TRAVEL | EVENTS Niels-Holger Teichmann Carrer la Marina 29 07659 Cala Figuera Balearen Spanien USt.Id.Nr. ESX9124865Y Tel. DE: +49 (0)151 194 794 80 Tel. ES: +34 680 265 785 Mail: hello@isla-travel.de Redaktion Saskia Teichmann (st) &amp; Niels-Holger Teichmann (nt) [&hellip;]<\/p>\n","protected":false},"author":1,"featured_media":0,"parent":0,"menu_order":0,"comment_status":"closed","ping_status":"closed","template":"","meta":{"_acf_changed":false,"_et_pb_use_builder":"off","_et_pb_old_content":"Verantwortlich f\u00fcr die Inhalte unter den Domains isla-travel.de und my.isla-travel.de ist\r\n\r\nisla Group GmbH\r\nMarcus-Heinemann-Str. 34\r\n21337 L\u00fcneburg\r\n\r\nTel: (04131) 2201150\r\nMail: hello@isla-travel.de\r\n\r\nUmsatzsteuer-Ident-Nummer:\r\nDE312564916\r\n\r\nRegistergericht: AG L\u00fcneburg\r\nRegisternummer: HRB 206909\r\n\r\nGesch\u00e4ftsf\u00fchrer\r\nHerr Niels-Holger Teichmann\r\n\r\nVerantwortliche f\u00fcr journalistisch-redaktionelle gestaltete Inhalte:\r\nFrau Dorothee Teichmann\r\nMarcus-Heinemann-Str. 34\r\n21337 L\u00fcneburg\r\nMail: doro@isla-travel.de\r\n\r\n<h2>Konzept & Design<\/h2>\r\n<a href=\"https:\/\/pahlcc.de\" target=\"_blank\">Martin Pahl \/\/ PahlCC\r\n<\/a>\r\n\r\n<h2>Programmierung & Webdesign<\/h2>\r\n<a href=\"https:\/\/www.saskialund.de\" target=\"_blank\">Saskia Lund \/\/ lund | wordpress studio<\/a>\r\n\r\n<h2>Bildnachweis<\/h2>\r\nisla Group GmbH\r\nDorothee Teichmann\r\nNiels Teichmann\r\nPhoto by\u00a0Kelly Jean\u00a0on\u00a0Unsplash\r\nPhoto by\u00a0Marisa Morton\u00a0on\u00a0Unsplash\r\nPhoto by\u00a0Evelina Friman\u00a0on\u00a0Unsplash\r\nPhoto by\u00a0Marc Babin\u00a0on\u00a0Unsplash\r\n\r\n<h2>Rechtliche Hinweise<\/h2>\r\nDie isla Group GmbH pr\u00fcft und aktualisiert die Informationen auf diesen Webseiten st\u00e4ndig. Trotz aller Sorgfalt k\u00f6nnen sich die Daten inzwischen ver\u00e4ndert haben. Eine Haftung oder Garantie f\u00fcr die Aktualit\u00e4t, Richtigkeit und Vollst\u00e4ndigkeit der zur Verf\u00fcgung gestellten Informationen kann daher nicht \u00fcbernommen werden. Gleiches gilt auch f\u00fcr alle anderen Webseiten, auf die mittels Hyperlink verwiesen wird. Die isla Group GmbH ist f\u00fcr den Inhalt der Webseiten, die aufgrund einer solchen Verbindung erreicht werden, nicht verantwortlich. Desweiteren beh\u00e4lt sich die isla Group GmbH das Recht vor, \u00c4nderungen oder Erg\u00e4nzungen der bereitgestellten Informationen vorzunehmen. Inhalt und Struktur der isla Group GmbH Webseiten sind urheberrechtlich gesch\u00fctzt. Die Vervielf\u00e4ltigung von Informationen oder Daten, insbesondere die Verwendung von Texten, Textteilen oder Bildmaterial, bedarf der vorherigen Zustimmung der isla Group GmbH.","_et_gb_content_width":"","footnotes":""},"dipi_cpt_category":[347],"class_list":["post-110","page","type-page","status-publish","hentry","dipi_cpt_category-sp"],"acf":[],"_links":{"self":[{"href":"https:\/\/isla-travel.de\/sv\/wp-json\/wp\/v2\/pages\/110","targetHints":{"allow":["GET"]}}],"collection":[{"href":"https:\/\/isla-travel.de\/sv\/wp-json\/wp\/v2\/pages"}],"about":[{"href":"https:\/\/isla-travel.de\/sv\/wp-json\/wp\/v2\/types\/page"}],"author":[{"embeddable":true,"href":"https:\/\/isla-travel.de\/sv\/wp-json\/wp\/v2\/users\/1"}],"replies":[{"embeddable":true,"href":"https:\/\/isla-travel.de\/sv\/wp-json\/wp\/v2\/comments?post=110"}],"version-history":[{"count":15,"href":"https:\/\/isla-travel.de\/sv\/wp-json\/wp\/v2\/pages\/110\/revisions"}],"predecessor-version":[{"id":25973971,"href":"https:\/\/isla-travel.de\/sv\/wp-json\/wp\/v2\/pages\/110\/revisions\/25973971"}],"wp:attachment":[{"href":"https:\/\/isla-travel.de\/sv\/wp-json\/wp\/v2\/media?parent=110"}],"wp:term":[{"taxonomy":"dipi_cpt_category","embeddable":true,"href":"https:\/\/isla-travel.de\/sv\/wp-json\/wp\/v2\/dipi_cpt_category?post=110"}],"curies":[{"name":"wp","href":"https:\/\/api.w.org\/{rel}","templated":true}]}}